{"id":204,"date":"2025-07-10T12:19:57","date_gmt":"2025-07-10T17:19:57","guid":{"rendered":"https:\/\/mqradio.quito.gob.ec\/?page_id=204"},"modified":"2026-03-14T14:55:19","modified_gmt":"2026-03-14T19:55:19","slug":"mujeres-al-aire","status":"publish","type":"page","link":"https:\/\/mqradio.quito.gob.ec\/?page_id=204","title":{"rendered":"Mujeres al Aire"},"content":{"rendered":"\t\t<div data-elementor-type=\"wp-page\" data-elementor-id=\"204\" class=\"elementor elementor-204\" data-elementor-post-type=\"page\">\n\t\t\t\t\t\t<header class=\"elementor-section elementor-top-section elementor-element elementor-element-1a9b96cc elementor-section-height-min-height elementor-section-items-stretch elementor-section-content-middle elementor-section-boxed elementor-section-height-default\" data-id=\"1a9b96cc\" data-element_type=\"section\" data-e-type=\"section\" data-settings=\"{&quot;background_background&quot;:&quot;classic&quot;}\">\n\t\t\t\t\t\t\t<div class=\"elementor-background-overlay\"><\/div>\n\t\t\t\t\t\t\t<div class=\"elementor-container elementor-column-gap-default\">\n\t\t\t\t\t<div class=\"elementor-column elementor-col-100 elementor-top-column elementor-element elementor-element-55f405b4\" data-id=\"55f405b4\" data-element_type=\"column\" data-e-type=\"column\">\n\t\t\t<div class=\"elementor-widget-wrap elementor-element-populated\">\n\t\t\t\t\t\t<div class=\"elementor-element elementor-element-7157a8c4 elementor-widget elementor-widget-image\" data-id=\"7157a8c4\" data-element_type=\"widget\" data-e-type=\"widget\" data-widget_type=\"image.default\">\n\t\t\t\t<div class=\"elementor-widget-container\">\n\t\t\t\t\t\t\t\t\t\t\t\t\t\t\t<img decoding=\"async\" width=\"53\" height=\"55\" src=\"https:\/\/mqradio.quito.gob.ec\/wp-content\/uploads\/2025\/04\/detail4.png\" class=\"attachment-large size-large wp-image-19\" alt=\"\" \/>\t\t\t\t\t\t\t\t\t\t\t\t\t\t\t<\/div>\n\t\t\t\t<\/div>\n\t\t\t\t<div class=\"elementor-element elementor-element-6b43f1ab elementor-widget__width-initial elementor-widget elementor-widget-heading\" data-id=\"6b43f1ab\" data-element_type=\"widget\" data-e-type=\"widget\" data-widget_type=\"heading.default\">\n\t\t\t\t<div class=\"elementor-widget-container\">\n\t\t\t\t\t<h1 class=\"elementor-heading-title elementor-size-default\">MUJERES AL AIRE<\/h1>\t\t\t\t<\/div>\n\t\t\t\t<\/div>\n\t\t\t\t\t<\/div>\n\t\t<\/div>\n\t\t\t\t\t<\/div>\n\t\t<\/header>\n\t\t\t\t<section class=\"elementor-section elementor-top-section elementor-element elementor-element-8ee0770 elementor-section-stretched elementor-reverse-tablet elementor-reverse-mobile elementor-section-boxed elementor-section-height-default elementor-section-height-default\" data-id=\"8ee0770\" data-element_type=\"section\" data-e-type=\"section\" data-settings=\"{&quot;stretch_section&quot;:&quot;section-stretched&quot;,&quot;background_background&quot;:&quot;classic&quot;}\">\n\t\t\t\t\t\t<div class=\"elementor-container elementor-column-gap-default\">\n\t\t\t\t\t<div class=\"elementor-column elementor-col-50 elementor-top-column elementor-element elementor-element-7661a1a6\" data-id=\"7661a1a6\" data-element_type=\"column\" data-e-type=\"column\">\n\t\t\t<div class=\"elementor-widget-wrap elementor-element-populated\">\n\t\t\t\t\t\t<div class=\"elementor-element elementor-element-37d0918e elementor-widget elementor-widget-image\" data-id=\"37d0918e\" data-element_type=\"widget\" data-e-type=\"widget\" data-widget_type=\"image.default\">\n\t\t\t\t<div class=\"elementor-widget-container\">\n\t\t\t\t\t\t\t\t\t\t\t\t\t\t\t<img decoding=\"async\" src=\"https:\/\/mqradio.quito.gob.ec\/wp-content\/uploads\/elementor\/thumbs\/341A0311-scaled-rkif0w2aj7siw5o0vqej6y39i20xqtp62xr9zvqvz8.jpg\" title=\"341A0311\" alt=\"341A0311\" class=\"elementor-animation-grow\" loading=\"lazy\" \/>\t\t\t\t\t\t\t\t\t\t\t\t\t\t\t<\/div>\n\t\t\t\t<\/div>\n\t\t\t\t\t<\/div>\n\t\t<\/div>\n\t\t\t\t<div class=\"elementor-column elementor-col-50 elementor-top-column elementor-element elementor-element-472e93f1\" data-id=\"472e93f1\" data-element_type=\"column\" data-e-type=\"column\">\n\t\t\t<div class=\"elementor-widget-wrap elementor-element-populated\">\n\t\t\t\t\t\t<div class=\"elementor-element elementor-element-c04f1bd elementor-widget elementor-widget-heading\" data-id=\"c04f1bd\" data-element_type=\"widget\" data-e-type=\"widget\" data-widget_type=\"heading.default\">\n\t\t\t\t<div class=\"elementor-widget-container\">\n\t\t\t\t\t<h6 class=\"elementor-heading-title elementor-size-default\">\u00bfDE QU\u00c9 SE TRATA?<\/h6>\t\t\t\t<\/div>\n\t\t\t\t<\/div>\n\t\t\t\t<div class=\"elementor-element elementor-element-276f0e3a elementor-widget__width-initial elementor-widget elementor-widget-heading\" data-id=\"276f0e3a\" data-element_type=\"widget\" data-e-type=\"widget\" data-widget_type=\"heading.default\">\n\t\t\t\t<div class=\"elementor-widget-container\">\n\t\t\t\t\t<h2 class=\"elementor-heading-title elementor-size-default\">Es un programa din\u00e1mico y accesible con temas de actualidad, emprendimiento, relaciones, finanzas, salud y bienestar, de manera emp\u00e1tica a trav\u00e9s de segmentos tem\u00e1ticos y entrevistas que fomentan el di\u00e1logo, la\nreflexi\u00f3n y la participaci\u00f3n activa y el fortalecimiento de mensajes del Municipio&nbsp;de&nbsp;Quito<\/h2>\t\t\t\t<\/div>\n\t\t\t\t<\/div>\n\t\t\t\t\t<\/div>\n\t\t<\/div>\n\t\t\t\t\t<\/div>\n\t\t<\/section>\n\t\t\t\t<header class=\"elementor-section elementor-top-section elementor-element elementor-element-5816c049 elementor-section-height-min-height elementor-section-items-stretch elementor-section-boxed elementor-section-height-default\" data-id=\"5816c049\" data-element_type=\"section\" data-e-type=\"section\" data-settings=\"{&quot;background_background&quot;:&quot;classic&quot;}\">\n\t\t\t\t\t\t\t<div class=\"elementor-background-overlay\"><\/div>\n\t\t\t\t\t\t\t<div class=\"elementor-container elementor-column-gap-default\">\n\t\t\t\t\t<div class=\"elementor-column elementor-col-50 elementor-top-column elementor-element elementor-element-60d710a5\" data-id=\"60d710a5\" data-element_type=\"column\" data-e-type=\"column\" data-settings=\"{&quot;background_background&quot;:&quot;classic&quot;}\">\n\t\t\t<div class=\"elementor-widget-wrap elementor-element-populated\">\n\t\t\t\t\t\t<div class=\"elementor-element elementor-element-31fc5df5 elementor-invisible elementor-widget elementor-widget-image\" data-id=\"31fc5df5\" data-element_type=\"widget\" data-e-type=\"widget\" data-settings=\"{&quot;_animation&quot;:&quot;fadeInLeft&quot;}\" data-widget_type=\"image.default\">\n\t\t\t\t<div class=\"elementor-widget-container\">\n\t\t\t\t\t\t\t\t\t\t\t\t\t\t\t<img decoding=\"async\" width=\"300\" height=\"51\" src=\"https:\/\/mqradio.quito.gob.ec\/wp-content\/uploads\/2025\/04\/border1.png\" class=\"attachment-large size-large wp-image-21\" alt=\"\" \/>\t\t\t\t\t\t\t\t\t\t\t\t\t\t\t<\/div>\n\t\t\t\t<\/div>\n\t\t\t\t<div class=\"elementor-element elementor-element-1a336e6e elementor-widget elementor-widget-heading\" data-id=\"1a336e6e\" data-element_type=\"widget\" data-e-type=\"widget\" data-widget_type=\"heading.default\">\n\t\t\t\t<div class=\"elementor-widget-container\">\n\t\t\t\t\t<h2 class=\"elementor-heading-title elementor-size-default\">M\u00cdRALA EN YOUTUBE<\/h2>\t\t\t\t<\/div>\n\t\t\t\t<\/div>\n\t\t\t\t<div class=\"elementor-element elementor-element-cb1b044 elementor-widget elementor-widget-text-editor\" data-id=\"cb1b044\" data-element_type=\"widget\" data-e-type=\"widget\" data-widget_type=\"text-editor.default\">\n\t\t\t\t<div class=\"elementor-widget-container\">\n\t\t\t\t\t\t\t\t\t<p style=\"text-align: left;\">Revive los mejores momentos junto a los invitados\u00a0<\/p>\t\t\t\t\t\t\t\t<\/div>\n\t\t\t\t<\/div>\n\t\t\t\t<div class=\"elementor-element elementor-element-2b627306 elementor-invisible elementor-widget elementor-widget-image\" data-id=\"2b627306\" data-element_type=\"widget\" data-e-type=\"widget\" data-settings=\"{&quot;_animation&quot;:&quot;fadeInLeft&quot;}\" data-widget_type=\"image.default\">\n\t\t\t\t<div class=\"elementor-widget-container\">\n\t\t\t\t\t\t\t\t\t\t\t\t\t\t\t<img decoding=\"async\" width=\"300\" height=\"51\" src=\"https:\/\/mqradio.quito.gob.ec\/wp-content\/uploads\/2025\/04\/border2.png\" class=\"attachment-large size-large wp-image-22\" alt=\"\" \/>\t\t\t\t\t\t\t\t\t\t\t\t\t\t\t<\/div>\n\t\t\t\t<\/div>\n\t\t\t\t\t<\/div>\n\t\t<\/div>\n\t\t\t\t<div class=\"elementor-column elementor-col-50 elementor-top-column elementor-element elementor-element-3f0d1968\" data-id=\"3f0d1968\" data-element_type=\"column\" data-e-type=\"column\">\n\t\t\t<div class=\"elementor-widget-wrap elementor-element-populated\">\n\t\t\t\t\t\t<div class=\"elementor-element elementor-element-57eff19b elementor-widget elementor-widget-shortcode\" data-id=\"57eff19b\" data-element_type=\"widget\" data-e-type=\"widget\" data-widget_type=\"shortcode.default\">\n\t\t\t\t<div class=\"elementor-widget-container\">\n\t\t\t\t\t\t\t<div class=\"elementor-shortcode\"><iframe width=\"560\" height=\"475\" src=\"https:\/\/www.youtube.com\/embed\/videoseries?si=tO5QEIVDt25EwGgO&amp;list=PLm5FRFLK1y2n_kdMFzjhxEhVd9BYjL6M2\" title=\"YouTube video player\" frameborder=\"0\" allow=\"accelerometer; autoplay; clipboard-write; encrypted-media; gyroscope; picture-in-picture; web-share\" referrerpolicy=\"strict-origin-when-cross-origin\" allowfullscreen><\/iframe><\/div>\n\t\t\t\t\t\t<\/div>\n\t\t\t\t<\/div>\n\t\t\t\t\t<\/div>\n\t\t<\/div>\n\t\t\t\t\t<\/div>\n\t\t<\/header>\n\t\t\t\t<section class=\"elementor-section elementor-top-section elementor-element elementor-element-5d0f5ebd elementor-section-stretched elementor-reverse-tablet elementor-reverse-mobile elementor-section-boxed elementor-section-height-default elementor-section-height-default\" data-id=\"5d0f5ebd\" data-element_type=\"section\" data-e-type=\"section\" data-settings=\"{&quot;background_background&quot;:&quot;classic&quot;,&quot;stretch_section&quot;:&quot;section-stretched&quot;}\">\n\t\t\t\t\t\t<div class=\"elementor-container elementor-column-gap-default\">\n\t\t\t\t\t<div class=\"elementor-column elementor-col-50 elementor-top-column elementor-element elementor-element-7d88ec56\" data-id=\"7d88ec56\" data-element_type=\"column\" data-e-type=\"column\">\n\t\t\t<div class=\"elementor-widget-wrap elementor-element-populated\">\n\t\t\t\t\t\t<div class=\"elementor-element elementor-element-15d784b8 elementor-widget elementor-widget-heading\" data-id=\"15d784b8\" data-element_type=\"widget\" data-e-type=\"widget\" data-widget_type=\"heading.default\">\n\t\t\t\t<div class=\"elementor-widget-container\">\n\t\t\t\t\t<h3 class=\"elementor-heading-title elementor-size-default\">\u00bfCu\u00e1ndo escucharla?<\/h3>\t\t\t\t<\/div>\n\t\t\t\t<\/div>\n\t\t\t\t<div class=\"elementor-element elementor-element-386adcf4 elementor-widget elementor-widget-text-editor\" data-id=\"386adcf4\" data-element_type=\"widget\" data-e-type=\"widget\" data-widget_type=\"text-editor.default\">\n\t\t\t\t<div class=\"elementor-widget-container\">\n\t\t\t\t\t\t\t\t\t<p style=\"text-align: left;\">Informaci\u00f3n, entrevistas y temas de salud, emprendimiento y bienestar para mantenerte conectado con Quito y sus ciudadanos. No te pierdas este espacio pensado para ti.<\/p>\t\t\t\t\t\t\t\t<\/div>\n\t\t\t\t<\/div>\n\t\t\t\t<div class=\"elementor-element elementor-element-6a43a07 elementor-invisible elementor-widget elementor-widget-image\" data-id=\"6a43a07\" data-element_type=\"widget\" data-e-type=\"widget\" data-settings=\"{&quot;_animation&quot;:&quot;fadeInLeft&quot;}\" data-widget_type=\"image.default\">\n\t\t\t\t<div class=\"elementor-widget-container\">\n\t\t\t\t\t\t\t\t\t\t\t\t\t\t\t<img decoding=\"async\" width=\"300\" height=\"51\" src=\"https:\/\/mqradio.quito.gob.ec\/wp-content\/uploads\/2025\/04\/border2.png\" class=\"attachment-large size-large wp-image-22\" alt=\"\" \/>\t\t\t\t\t\t\t\t\t\t\t\t\t\t\t<\/div>\n\t\t\t\t<\/div>\n\t\t\t\t\t<\/div>\n\t\t<\/div>\n\t\t\t\t<div class=\"elementor-column elementor-col-50 elementor-top-column elementor-element elementor-element-67d49758\" data-id=\"67d49758\" data-element_type=\"column\" data-e-type=\"column\">\n\t\t\t<div class=\"elementor-widget-wrap elementor-element-populated\">\n\t\t\t\t\t\t<div class=\"elementor-element elementor-element-742585a4 elementor-widget elementor-widget-heading\" data-id=\"742585a4\" data-element_type=\"widget\" data-e-type=\"widget\" data-widget_type=\"heading.default\">\n\t\t\t\t<div class=\"elementor-widget-container\">\n\t\t\t\t\t<h3 class=\"elementor-heading-title elementor-size-default\">LUNES A VIERNES<\/h3>\t\t\t\t<\/div>\n\t\t\t\t<\/div>\n\t\t\t\t<div class=\"elementor-element elementor-element-6d8a8754 elementor-widget elementor-widget-text-editor\" data-id=\"6d8a8754\" data-element_type=\"widget\" data-e-type=\"widget\" data-widget_type=\"text-editor.default\">\n\t\t\t\t<div class=\"elementor-widget-container\">\n\t\t\t\t\t\t\t\t\t<p style=\"text-align: left;\">15H00 A 17H00<\/p>\t\t\t\t\t\t\t\t<\/div>\n\t\t\t\t<\/div>\n\t\t\t\t\t<\/div>\n\t\t<\/div>\n\t\t\t\t\t<\/div>\n\t\t<\/section>\n\t\t\t\t<section class=\"elementor-section elementor-top-section elementor-element elementor-element-2f2a3a2f elementor-section-stretched elementor-section-boxed elementor-section-height-default elementor-section-height-default\" data-id=\"2f2a3a2f\" data-element_type=\"section\" data-e-type=\"section\" data-settings=\"{&quot;stretch_section&quot;:&quot;section-stretched&quot;,&quot;background_background&quot;:&quot;classic&quot;}\">\n\t\t\t\t\t\t\t<div class=\"elementor-background-overlay\"><\/div>\n\t\t\t\t\t\t\t<div class=\"elementor-container elementor-column-gap-default\">\n\t\t\t\t\t<div class=\"elementor-column elementor-col-100 elementor-top-column elementor-element elementor-element-d00c978\" data-id=\"d00c978\" data-element_type=\"column\" data-e-type=\"column\">\n\t\t\t<div class=\"elementor-widget-wrap elementor-element-populated\">\n\t\t\t\t\t\t<div class=\"elementor-element elementor-element-4ca5d3d5 elementor-widget elementor-widget-heading\" data-id=\"4ca5d3d5\" data-element_type=\"widget\" data-e-type=\"widget\" data-widget_type=\"heading.default\">\n\t\t\t\t<div class=\"elementor-widget-container\">\n\t\t\t\t\t<h2 class=\"elementor-heading-title elementor-size-default\">CONDUCTORES<\/h2>\t\t\t\t<\/div>\n\t\t\t\t<\/div>\n\t\t\t\t<section class=\"elementor-section elementor-inner-section elementor-element elementor-element-20e003e4 elementor-section-boxed elementor-section-height-default elementor-section-height-default\" data-id=\"20e003e4\" data-element_type=\"section\" data-e-type=\"section\">\n\t\t\t\t\t\t<div class=\"elementor-container elementor-column-gap-default\">\n\t\t\t\t\t<div class=\"elementor-column elementor-col-100 elementor-inner-column elementor-element elementor-element-6e3e7a7\" data-id=\"6e3e7a7\" data-element_type=\"column\" data-e-type=\"column\">\n\t\t\t<div class=\"elementor-widget-wrap elementor-element-populated\">\n\t\t\t\t\t\t<div class=\"elementor-element elementor-element-3b8bf7c7 elementor-position-top elementor-widget elementor-widget-image-box\" data-id=\"3b8bf7c7\" data-element_type=\"widget\" data-e-type=\"widget\" data-widget_type=\"image-box.default\">\n\t\t\t\t<div class=\"elementor-widget-container\">\n\t\t\t\t\t<div class=\"elementor-image-box-wrapper\"><figure class=\"elementor-image-box-img\"><img decoding=\"async\" src=\"https:\/\/mqradio.quito.gob.ec\/wp-content\/uploads\/elementor\/thumbs\/341A0285-scaled-rkif15gmlrzvmfqcemiyrz4cnlbkfxv9tie1mgp2ag.jpg\" title=\"341A0285\" alt=\"341A0285\" loading=\"lazy\" \/><\/figure><div class=\"elementor-image-box-content\"><h3 class=\"elementor-image-box-title\">Ivis Vega<\/h3><\/div><\/div>\t\t\t\t<\/div>\n\t\t\t\t<\/div>\n\t\t\t\t\t<\/div>\n\t\t<\/div>\n\t\t\t\t\t<\/div>\n\t\t<\/section>\n\t\t\t\t\t<\/div>\n\t\t<\/div>\n\t\t\t\t\t<\/div>\n\t\t<\/section>\n\t\t<div class=\"elementor-element elementor-element-9761cad e-flex e-con-boxed e-con e-parent\" data-id=\"9761cad\" data-element_type=\"container\" data-e-type=\"container\">\n\t\t\t\t\t<div class=\"e-con-inner\">\n\t\t\t\t\t<\/div>\n\t\t\t\t<\/div>\n\t\t<div class=\"elementor-element elementor-element-87d5e74 e-flex e-con-boxed e-con e-parent\" data-id=\"87d5e74\" data-element_type=\"container\" data-e-type=\"container\">\n\t\t\t\t\t<div class=\"e-con-inner\">\n\t\t\t\t<div class=\"elementor-element elementor-element-5ae1d6b elementor-widget elementor-widget-shortcode\" data-id=\"5ae1d6b\" data-element_type=\"widget\" data-e-type=\"widget\" data-widget_type=\"shortcode.default\">\n\t\t\t\t<div class=\"elementor-widget-container\">\n\t\t\t\t\t\t\t<div class=\"elementor-shortcode\"><div id=\"audioigniter-363\" class=\"audioigniter-root \" data-player-type=\"full\" data-tracks-url=\"https:\/\/mqradio.quito.gob.ec\/?audioigniter_playlist_id=363\" data-display-track-no=\"true\" data-reverse-track-order=\"false\" data-display-tracklist-covers=\"true\" data-display-active-cover=\"true\" data-display-artist-names=\"true\" data-display-buy-buttons=\"true\" data-buy-buttons-target=\"true\" data-cycle-tracks=\"false\" data-display-credits=\"false\" data-display-tracklist=\"true\" data-allow-tracklist-toggle=\"true\" data-allow-tracklist-loop=\"true\" data-limit-tracklist-height=\"true\" data-volume=\"100\" data-tracklist-height=\"185\" ><\/div><\/div>\n\t\t\t\t\t\t<\/div>\n\t\t\t\t<\/div>\n\t\t\t\t\t<\/div>\n\t\t\t\t<\/div>\n\t\t\t\t<\/div>\n\t\t","protected":false},"excerpt":{"rendered":"<p>MUJERES AL AIRE \u00bfDE QU\u00c9 SE TRATA? Es un programa din\u00e1mico y accesible con temas de actualidad, emprendimiento, relaciones, finanzas, salud y bienestar, de manera emp\u00e1tica a trav\u00e9s de segmentos tem\u00e1ticos y entrevistas que fomentan el di\u00e1logo, la reflexi\u00f3n y la participaci\u00f3n activa y el fortalecimiento de mensajes del Municipio&nbsp;de&nbsp;Quito M\u00cdRALA EN YOUTUBE Revive los [&hellip;]<\/p>\n","protected":false},"author":3,"featured_media":0,"parent":0,"menu_order":0,"comment_status":"closed","ping_status":"closed","template":"","meta":{"footnotes":""},"class_list":["post-204","page","type-page","status-publish","hentry"],"yoast_head":"<!-- This site is optimized with the Yoast SEO plugin v27.2 - https:\/\/yoast.com\/product\/yoast-seo-wordpress\/ -->\n<title>Mujeres al Aire - MQRadio 102.9 FM<\/title>\n<meta name=\"robots\" content=\"index, follow, max-snippet:-1, max-image-preview:large, max-video-preview:-1\" \/>\n<link rel=\"canonical\" href=\"https:\/\/mqradio.quito.gob.ec\/?page_id=204\" \/>\n<meta property=\"og:locale\" content=\"es_ES\" \/>\n<meta property=\"og:type\" content=\"article\" \/>\n<meta property=\"og:title\" content=\"Mujeres al Aire - MQRadio 102.9 FM\" \/>\n<meta property=\"og:description\" content=\"MUJERES AL AIRE \u00bfDE QU\u00c9 SE TRATA? Es un programa din\u00e1mico y accesible con temas de actualidad, emprendimiento, relaciones, finanzas, salud y bienestar, de manera emp\u00e1tica a trav\u00e9s de segmentos tem\u00e1ticos y entrevistas que fomentan el di\u00e1logo, la reflexi\u00f3n y la participaci\u00f3n activa y el fortalecimiento de mensajes del Municipio&nbsp;de&nbsp;Quito M\u00cdRALA EN YOUTUBE Revive los [&hellip;]\" \/>\n<meta property=\"og:url\" content=\"https:\/\/mqradio.quito.gob.ec\/?page_id=204\" \/>\n<meta property=\"og:site_name\" content=\"MQRadio 102.9 FM\" \/>\n<meta property=\"article:modified_time\" content=\"2026-03-14T19:55:19+00:00\" \/>\n<meta property=\"og:image\" content=\"https:\/\/mqradio.quito.gob.ec\/wp-content\/uploads\/2025\/04\/detail4.png\" \/>\n<meta name=\"twitter:card\" content=\"summary_large_image\" \/>\n<meta name=\"twitter:label1\" content=\"Tiempo de lectura\" \/>\n\t<meta name=\"twitter:data1\" content=\"2 minutos\" \/>\n<script type=\"application\/ld+json\" class=\"yoast-schema-graph\">{\"@context\":\"https:\/\/schema.org\",\"@graph\":[{\"@type\":\"WebPage\",\"@id\":\"https:\/\/mqradio.quito.gob.ec\/?page_id=204\",\"url\":\"https:\/\/mqradio.quito.gob.ec\/?page_id=204\",\"name\":\"Mujeres al Aire - MQRadio 102.9 FM\",\"isPartOf\":{\"@id\":\"https:\/\/172.30.9.18\/#website\"},\"primaryImageOfPage\":{\"@id\":\"https:\/\/mqradio.quito.gob.ec\/?page_id=204#primaryimage\"},\"image\":{\"@id\":\"https:\/\/mqradio.quito.gob.ec\/?page_id=204#primaryimage\"},\"thumbnailUrl\":\"https:\/\/mqradio.quito.gob.ec\/wp-content\/uploads\/2025\/04\/detail4.png\",\"datePublished\":\"2025-07-10T17:19:57+00:00\",\"dateModified\":\"2026-03-14T19:55:19+00:00\",\"breadcrumb\":{\"@id\":\"https:\/\/mqradio.quito.gob.ec\/?page_id=204#breadcrumb\"},\"inLanguage\":\"es\",\"potentialAction\":[{\"@type\":\"ReadAction\",\"target\":[\"https:\/\/mqradio.quito.gob.ec\/?page_id=204\"]}]},{\"@type\":\"ImageObject\",\"inLanguage\":\"es\",\"@id\":\"https:\/\/mqradio.quito.gob.ec\/?page_id=204#primaryimage\",\"url\":\"https:\/\/mqradio.quito.gob.ec\/wp-content\/uploads\/2025\/04\/detail4.png\",\"contentUrl\":\"https:\/\/mqradio.quito.gob.ec\/wp-content\/uploads\/2025\/04\/detail4.png\",\"width\":53,\"height\":55},{\"@type\":\"BreadcrumbList\",\"@id\":\"https:\/\/mqradio.quito.gob.ec\/?page_id=204#breadcrumb\",\"itemListElement\":[{\"@type\":\"ListItem\",\"position\":1,\"name\":\"Portada\",\"item\":\"https:\/\/172.30.9.18\/\"},{\"@type\":\"ListItem\",\"position\":2,\"name\":\"Mujeres al Aire\"}]},{\"@type\":\"WebSite\",\"@id\":\"https:\/\/172.30.9.18\/#website\",\"url\":\"https:\/\/172.30.9.18\/\",\"name\":\"MQ Radio 102.9 FM\",\"description\":\"La Radio De Quito\",\"publisher\":{\"@id\":\"https:\/\/172.30.9.18\/#organization\"},\"potentialAction\":[{\"@type\":\"SearchAction\",\"target\":{\"@type\":\"EntryPoint\",\"urlTemplate\":\"https:\/\/172.30.9.18\/?s={search_term_string}\"},\"query-input\":{\"@type\":\"PropertyValueSpecification\",\"valueRequired\":true,\"valueName\":\"search_term_string\"}}],\"inLanguage\":\"es\"},{\"@type\":\"Organization\",\"@id\":\"https:\/\/172.30.9.18\/#organization\",\"name\":\"MQ Radio 102.9 FM\",\"url\":\"https:\/\/172.30.9.18\/\",\"logo\":{\"@type\":\"ImageObject\",\"inLanguage\":\"es\",\"@id\":\"https:\/\/172.30.9.18\/#\/schema\/logo\/image\/\",\"url\":\"https:\/\/mqradio.quito.gob.ec\/wp-content\/uploads\/2025\/07\/logo-trans.png\",\"contentUrl\":\"https:\/\/mqradio.quito.gob.ec\/wp-content\/uploads\/2025\/07\/logo-trans.png\",\"width\":400,\"height\":400,\"caption\":\"MQ Radio 102.9 FM\"},\"image\":{\"@id\":\"https:\/\/172.30.9.18\/#\/schema\/logo\/image\/\"}}]}<\/script>\n<!-- \/ Yoast SEO plugin. -->","yoast_head_json":{"title":"Mujeres al Aire - MQRadio 102.9 FM","robots":{"index":"index","follow":"follow","max-snippet":"max-snippet:-1","max-image-preview":"max-image-preview:large","max-video-preview":"max-video-preview:-1"},"canonical":"https:\/\/mqradio.quito.gob.ec\/?page_id=204","og_locale":"es_ES","og_type":"article","og_title":"Mujeres al Aire - MQRadio 102.9 FM","og_description":"MUJERES AL AIRE \u00bfDE QU\u00c9 SE TRATA? Es un programa din\u00e1mico y accesible con temas de actualidad, emprendimiento, relaciones, finanzas, salud y bienestar, de manera emp\u00e1tica a trav\u00e9s de segmentos tem\u00e1ticos y entrevistas que fomentan el di\u00e1logo, la reflexi\u00f3n y la participaci\u00f3n activa y el fortalecimiento de mensajes del Municipio&nbsp;de&nbsp;Quito M\u00cdRALA EN YOUTUBE Revive los [&hellip;]","og_url":"https:\/\/mqradio.quito.gob.ec\/?page_id=204","og_site_name":"MQRadio 102.9 FM","article_modified_time":"2026-03-14T19:55:19+00:00","og_image":[{"url":"https:\/\/mqradio.quito.gob.ec\/wp-content\/uploads\/2025\/04\/detail4.png","type":"","width":"","height":""}],"twitter_card":"summary_large_image","twitter_misc":{"Tiempo de lectura":"2 minutos"},"schema":{"@context":"https:\/\/schema.org","@graph":[{"@type":"WebPage","@id":"https:\/\/mqradio.quito.gob.ec\/?page_id=204","url":"https:\/\/mqradio.quito.gob.ec\/?page_id=204","name":"Mujeres al Aire - MQRadio 102.9 FM","isPartOf":{"@id":"https:\/\/172.30.9.18\/#website"},"primaryImageOfPage":{"@id":"https:\/\/mqradio.quito.gob.ec\/?page_id=204#primaryimage"},"image":{"@id":"https:\/\/mqradio.quito.gob.ec\/?page_id=204#primaryimage"},"thumbnailUrl":"https:\/\/mqradio.quito.gob.ec\/wp-content\/uploads\/2025\/04\/detail4.png","datePublished":"2025-07-10T17:19:57+00:00","dateModified":"2026-03-14T19:55:19+00:00","breadcrumb":{"@id":"https:\/\/mqradio.quito.gob.ec\/?page_id=204#breadcrumb"},"inLanguage":"es","potentialAction":[{"@type":"ReadAction","target":["https:\/\/mqradio.quito.gob.ec\/?page_id=204"]}]},{"@type":"ImageObject","inLanguage":"es","@id":"https:\/\/mqradio.quito.gob.ec\/?page_id=204#primaryimage","url":"https:\/\/mqradio.quito.gob.ec\/wp-content\/uploads\/2025\/04\/detail4.png","contentUrl":"https:\/\/mqradio.quito.gob.ec\/wp-content\/uploads\/2025\/04\/detail4.png","width":53,"height":55},{"@type":"BreadcrumbList","@id":"https:\/\/mqradio.quito.gob.ec\/?page_id=204#breadcrumb","itemListElement":[{"@type":"ListItem","position":1,"name":"Portada","item":"https:\/\/172.30.9.18\/"},{"@type":"ListItem","position":2,"name":"Mujeres al Aire"}]},{"@type":"WebSite","@id":"https:\/\/172.30.9.18\/#website","url":"https:\/\/172.30.9.18\/","name":"MQ Radio 102.9 FM","description":"La Radio De Quito","publisher":{"@id":"https:\/\/172.30.9.18\/#organization"},"potentialAction":[{"@type":"SearchAction","target":{"@type":"EntryPoint","urlTemplate":"https:\/\/172.30.9.18\/?s={search_term_string}"},"query-input":{"@type":"PropertyValueSpecification","valueRequired":true,"valueName":"search_term_string"}}],"inLanguage":"es"},{"@type":"Organization","@id":"https:\/\/172.30.9.18\/#organization","name":"MQ Radio 102.9 FM","url":"https:\/\/172.30.9.18\/","logo":{"@type":"ImageObject","inLanguage":"es","@id":"https:\/\/172.30.9.18\/#\/schema\/logo\/image\/","url":"https:\/\/mqradio.quito.gob.ec\/wp-content\/uploads\/2025\/07\/logo-trans.png","contentUrl":"https:\/\/mqradio.quito.gob.ec\/wp-content\/uploads\/2025\/07\/logo-trans.png","width":400,"height":400,"caption":"MQ Radio 102.9 FM"},"image":{"@id":"https:\/\/172.30.9.18\/#\/schema\/logo\/image\/"}}]}},"_links":{"self":[{"href":"https:\/\/mqradio.quito.gob.ec\/index.php?rest_route=\/wp\/v2\/pages\/204","targetHints":{"allow":["GET"]}}],"collection":[{"href":"https:\/\/mqradio.quito.gob.ec\/index.php?rest_route=\/wp\/v2\/pages"}],"about":[{"href":"https:\/\/mqradio.quito.gob.ec\/index.php?rest_route=\/wp\/v2\/types\/page"}],"author":[{"embeddable":true,"href":"https:\/\/mqradio.quito.gob.ec\/index.php?rest_route=\/wp\/v2\/users\/3"}],"replies":[{"embeddable":true,"href":"https:\/\/mqradio.quito.gob.ec\/index.php?rest_route=%2Fwp%2Fv2%2Fcomments&post=204"}],"version-history":[{"count":9,"href":"https:\/\/mqradio.quito.gob.ec\/index.php?rest_route=\/wp\/v2\/pages\/204\/revisions"}],"predecessor-version":[{"id":833,"href":"https:\/\/mqradio.quito.gob.ec\/index.php?rest_route=\/wp\/v2\/pages\/204\/revisions\/833"}],"wp:attachment":[{"href":"https:\/\/mqradio.quito.gob.ec\/index.php?rest_route=%2Fwp%2Fv2%2Fmedia&parent=204"}],"curies":[{"name":"wp","href":"https:\/\/api.w.org\/{rel}","templated":true}]}}