{"id":229,"date":"2025-07-10T12:06:53","date_gmt":"2025-07-10T17:06:53","guid":{"rendered":"https:\/\/mqradio.quito.gob.ec\/?page_id=229"},"modified":"2025-07-10T12:10:34","modified_gmt":"2025-07-10T17:10:34","slug":"mq-noticias","status":"publish","type":"page","link":"https:\/\/mqradio.quito.gob.ec\/?page_id=229","title":{"rendered":"MQ Noticias"},"content":{"rendered":"\t\t<div data-elementor-type=\"wp-page\" data-elementor-id=\"229\" class=\"elementor elementor-229\" data-elementor-post-type=\"page\">\n\t\t\t\t\t\t<header class=\"elementor-section elementor-top-section elementor-element elementor-element-4ec22b65 elementor-section-height-min-height elementor-section-items-stretch elementor-section-content-middle elementor-section-boxed elementor-section-height-default\" data-id=\"4ec22b65\" data-element_type=\"section\" data-e-type=\"section\" data-settings=\"{&quot;background_background&quot;:&quot;classic&quot;}\">\n\t\t\t\t\t\t\t<div class=\"elementor-background-overlay\"><\/div>\n\t\t\t\t\t\t\t<div class=\"elementor-container elementor-column-gap-default\">\n\t\t\t\t\t<div class=\"elementor-column elementor-col-100 elementor-top-column elementor-element elementor-element-39170418\" data-id=\"39170418\" data-element_type=\"column\" data-e-type=\"column\">\n\t\t\t<div class=\"elementor-widget-wrap elementor-element-populated\">\n\t\t\t\t\t\t<div class=\"elementor-element elementor-element-32944745 elementor-widget elementor-widget-image\" data-id=\"32944745\" data-element_type=\"widget\" data-e-type=\"widget\" data-widget_type=\"image.default\">\n\t\t\t\t<div class=\"elementor-widget-container\">\n\t\t\t\t\t\t\t\t\t\t\t\t\t\t\t<img decoding=\"async\" width=\"53\" height=\"55\" src=\"https:\/\/mqradio.quito.gob.ec\/wp-content\/uploads\/2025\/04\/detail4.png\" class=\"attachment-large size-large wp-image-19\" alt=\"\" \/>\t\t\t\t\t\t\t\t\t\t\t\t\t\t\t<\/div>\n\t\t\t\t<\/div>\n\t\t\t\t<div class=\"elementor-element elementor-element-6c8ccd1d elementor-widget__width-initial elementor-widget elementor-widget-heading\" data-id=\"6c8ccd1d\" data-element_type=\"widget\" data-e-type=\"widget\" data-widget_type=\"heading.default\">\n\t\t\t\t<div class=\"elementor-widget-container\">\n\t\t\t\t\t<h1 class=\"elementor-heading-title elementor-size-default\">MQ Noticias<\/h1>\t\t\t\t<\/div>\n\t\t\t\t<\/div>\n\t\t\t\t\t<\/div>\n\t\t<\/div>\n\t\t\t\t\t<\/div>\n\t\t<\/header>\n\t\t\t\t<section class=\"elementor-section elementor-top-section elementor-element elementor-element-54150a57 elementor-section-stretched elementor-reverse-tablet elementor-reverse-mobile elementor-section-boxed elementor-section-height-default elementor-section-height-default\" data-id=\"54150a57\" data-element_type=\"section\" data-e-type=\"section\" data-settings=\"{&quot;stretch_section&quot;:&quot;section-stretched&quot;,&quot;background_background&quot;:&quot;classic&quot;}\">\n\t\t\t\t\t\t<div class=\"elementor-container elementor-column-gap-default\">\n\t\t\t\t\t<div class=\"elementor-column elementor-col-50 elementor-top-column elementor-element elementor-element-19dd81e\" data-id=\"19dd81e\" data-element_type=\"column\" data-e-type=\"column\">\n\t\t\t<div class=\"elementor-widget-wrap elementor-element-populated\">\n\t\t\t\t\t\t<div class=\"elementor-element elementor-element-284a2b6d elementor-widget elementor-widget-image\" data-id=\"284a2b6d\" data-element_type=\"widget\" data-e-type=\"widget\" data-widget_type=\"image.default\">\n\t\t\t\t<div class=\"elementor-widget-container\">\n\t\t\t\t\t\t\t\t\t\t\t\t\t\t\t<img decoding=\"async\" src=\"https:\/\/mqradio.quito.gob.ec\/wp-content\/uploads\/elementor\/thumbs\/312A9583-scaled-r8k9g5p0nsp347j9t4b7urnad3lihgu19hyed7zhpg.jpg\" title=\"312A9583\" alt=\"312A9583\" class=\"elementor-animation-grow\" loading=\"lazy\" \/>\t\t\t\t\t\t\t\t\t\t\t\t\t\t\t<\/div>\n\t\t\t\t<\/div>\n\t\t\t\t\t<\/div>\n\t\t<\/div>\n\t\t\t\t<div class=\"elementor-column elementor-col-50 elementor-top-column elementor-element elementor-element-3608755a\" data-id=\"3608755a\" data-element_type=\"column\" data-e-type=\"column\">\n\t\t\t<div class=\"elementor-widget-wrap elementor-element-populated\">\n\t\t\t\t\t\t<div class=\"elementor-element elementor-element-3183acb9 elementor-widget elementor-widget-heading\" data-id=\"3183acb9\" data-element_type=\"widget\" data-e-type=\"widget\" data-widget_type=\"heading.default\">\n\t\t\t\t<div class=\"elementor-widget-container\">\n\t\t\t\t\t<h6 class=\"elementor-heading-title elementor-size-default\">\u00bfDE QU\u00c9 SE TRATA?<\/h6>\t\t\t\t<\/div>\n\t\t\t\t<\/div>\n\t\t\t\t<div class=\"elementor-element elementor-element-2b0f4d28 elementor-widget__width-initial elementor-widget elementor-widget-heading\" data-id=\"2b0f4d28\" data-element_type=\"widget\" data-e-type=\"widget\" data-widget_type=\"heading.default\">\n\t\t\t\t<div class=\"elementor-widget-container\">\n\t\t\t\t\t<h2 class=\"elementor-heading-title elementor-size-default\">Es un espacio period\u00edstico que presenta la informaci\u00f3n m\u00e1s relevante de Quito y el pa\u00eds. Con enfoque \u00e1gil y veraz, ofrece noticias, entrevistas, an\u00e1lisis y datos clave para comprender la actualidad. Un programa que mantiene informada a la ciudadan\u00eda con rigor y responsabilidad.<\/h2>\t\t\t\t<\/div>\n\t\t\t\t<\/div>\n\t\t\t\t\t<\/div>\n\t\t<\/div>\n\t\t\t\t\t<\/div>\n\t\t<\/section>\n\t\t\t\t<header class=\"elementor-section elementor-top-section elementor-element elementor-element-2cf7c69a elementor-section-height-min-height elementor-section-items-stretch elementor-section-boxed elementor-section-height-default\" data-id=\"2cf7c69a\" data-element_type=\"section\" data-e-type=\"section\" data-settings=\"{&quot;background_background&quot;:&quot;classic&quot;}\">\n\t\t\t\t\t\t\t<div class=\"elementor-background-overlay\"><\/div>\n\t\t\t\t\t\t\t<div class=\"elementor-container elementor-column-gap-default\">\n\t\t\t\t\t<div class=\"elementor-column elementor-col-50 elementor-top-column elementor-element elementor-element-5929612e\" data-id=\"5929612e\" data-element_type=\"column\" data-e-type=\"column\" data-settings=\"{&quot;background_background&quot;:&quot;classic&quot;}\">\n\t\t\t<div class=\"elementor-widget-wrap elementor-element-populated\">\n\t\t\t\t\t\t<div class=\"elementor-element elementor-element-5244c2e4 elementor-invisible elementor-widget elementor-widget-image\" data-id=\"5244c2e4\" data-element_type=\"widget\" data-e-type=\"widget\" data-settings=\"{&quot;_animation&quot;:&quot;fadeInLeft&quot;}\" data-widget_type=\"image.default\">\n\t\t\t\t<div class=\"elementor-widget-container\">\n\t\t\t\t\t\t\t\t\t\t\t\t\t\t\t<img decoding=\"async\" width=\"300\" height=\"51\" src=\"https:\/\/mqradio.quito.gob.ec\/wp-content\/uploads\/2025\/04\/border1.png\" class=\"attachment-large size-large wp-image-21\" alt=\"\" \/>\t\t\t\t\t\t\t\t\t\t\t\t\t\t\t<\/div>\n\t\t\t\t<\/div>\n\t\t\t\t<div class=\"elementor-element elementor-element-2dc64102 elementor-widget elementor-widget-heading\" data-id=\"2dc64102\" data-element_type=\"widget\" data-e-type=\"widget\" data-widget_type=\"heading.default\">\n\t\t\t\t<div class=\"elementor-widget-container\">\n\t\t\t\t\t<h2 class=\"elementor-heading-title elementor-size-default\">M\u00cdRALOS EN YOUTUBE<\/h2>\t\t\t\t<\/div>\n\t\t\t\t<\/div>\n\t\t\t\t<div class=\"elementor-element elementor-element-7c73ce07 elementor-widget elementor-widget-text-editor\" data-id=\"7c73ce07\" data-element_type=\"widget\" data-e-type=\"widget\" data-widget_type=\"text-editor.default\">\n\t\t\t\t<div class=\"elementor-widget-container\">\n\t\t\t\t\t\t\t\t\t<p style=\"text-align: left;\">Revive los mejores momentos junto a los invitados\u00a0<\/p>\t\t\t\t\t\t\t\t<\/div>\n\t\t\t\t<\/div>\n\t\t\t\t<div class=\"elementor-element elementor-element-23396e0f elementor-invisible elementor-widget elementor-widget-image\" data-id=\"23396e0f\" data-element_type=\"widget\" data-e-type=\"widget\" data-settings=\"{&quot;_animation&quot;:&quot;fadeInLeft&quot;}\" data-widget_type=\"image.default\">\n\t\t\t\t<div class=\"elementor-widget-container\">\n\t\t\t\t\t\t\t\t\t\t\t\t\t\t\t<img decoding=\"async\" width=\"300\" height=\"51\" src=\"https:\/\/mqradio.quito.gob.ec\/wp-content\/uploads\/2025\/04\/border2.png\" class=\"attachment-large size-large wp-image-22\" alt=\"\" \/>\t\t\t\t\t\t\t\t\t\t\t\t\t\t\t<\/div>\n\t\t\t\t<\/div>\n\t\t\t\t\t<\/div>\n\t\t<\/div>\n\t\t\t\t<div class=\"elementor-column elementor-col-50 elementor-top-column elementor-element elementor-element-1094bfdf\" data-id=\"1094bfdf\" data-element_type=\"column\" data-e-type=\"column\">\n\t\t\t<div class=\"elementor-widget-wrap elementor-element-populated\">\n\t\t\t\t\t\t<div class=\"elementor-element elementor-element-1372fe43 elementor-widget elementor-widget-shortcode\" data-id=\"1372fe43\" data-element_type=\"widget\" data-e-type=\"widget\" data-widget_type=\"shortcode.default\">\n\t\t\t\t<div class=\"elementor-widget-container\">\n\t\t\t\t\t\t\t<div class=\"elementor-shortcode\"><iframe width=\"560\" height=\"560\" src=\"https:\/\/www.youtube.com\/embed\/videoseries?si=niPuGpuXZQxa0LfL&amp;list=PLm5FRFLK1y2m-Hvm_YtK7TSd0JF2Z7-CH\" title=\"YouTube video player\" frameborder=\"0\" allow=\"accelerometer; autoplay; clipboard-write; encrypted-media; gyroscope; picture-in-picture; web-share\" referrerpolicy=\"strict-origin-when-cross-origin\" allowfullscreen><\/iframe><\/div>\n\t\t\t\t\t\t<\/div>\n\t\t\t\t<\/div>\n\t\t\t\t\t<\/div>\n\t\t<\/div>\n\t\t\t\t\t<\/div>\n\t\t<\/header>\n\t\t\t\t<section class=\"elementor-section elementor-top-section elementor-element elementor-element-347e9057 elementor-section-stretched elementor-reverse-tablet elementor-reverse-mobile elementor-section-boxed elementor-section-height-default elementor-section-height-default\" data-id=\"347e9057\" data-element_type=\"section\" data-e-type=\"section\" data-settings=\"{&quot;background_background&quot;:&quot;classic&quot;,&quot;stretch_section&quot;:&quot;section-stretched&quot;}\">\n\t\t\t\t\t\t<div class=\"elementor-container elementor-column-gap-default\">\n\t\t\t\t\t<div class=\"elementor-column elementor-col-50 elementor-top-column elementor-element elementor-element-665b7a17\" data-id=\"665b7a17\" data-element_type=\"column\" data-e-type=\"column\">\n\t\t\t<div class=\"elementor-widget-wrap elementor-element-populated\">\n\t\t\t\t\t\t<div class=\"elementor-element elementor-element-7c8c064d elementor-widget elementor-widget-heading\" data-id=\"7c8c064d\" data-element_type=\"widget\" data-e-type=\"widget\" data-widget_type=\"heading.default\">\n\t\t\t\t<div class=\"elementor-widget-container\">\n\t\t\t\t\t<h3 class=\"elementor-heading-title elementor-size-default\">\u00bfCu\u00e1ndo escucharlos?<\/h3>\t\t\t\t<\/div>\n\t\t\t\t<\/div>\n\t\t\t\t<div class=\"elementor-element elementor-element-7640f921 elementor-widget elementor-widget-text-editor\" data-id=\"7640f921\" data-element_type=\"widget\" data-e-type=\"widget\" data-widget_type=\"text-editor.default\">\n\t\t\t\t<div class=\"elementor-widget-container\">\n\t\t\t\t\t\t\t\t\t<p style=\"text-align: left;\">Acompa\u00f1a tus ma\u00f1anas con la mejor informaci\u00f3n y buena energ\u00eda. Un programa motivador con dos locutores al aire, enfocado en el bienestar y la salud mental.<\/p>\t\t\t\t\t\t\t\t<\/div>\n\t\t\t\t<\/div>\n\t\t\t\t\t<\/div>\n\t\t<\/div>\n\t\t\t\t<div class=\"elementor-column elementor-col-50 elementor-top-column elementor-element elementor-element-2484191e\" data-id=\"2484191e\" data-element_type=\"column\" data-e-type=\"column\">\n\t\t\t<div class=\"elementor-widget-wrap elementor-element-populated\">\n\t\t\t\t\t\t<div class=\"elementor-element elementor-element-5611df9 elementor-widget elementor-widget-heading\" data-id=\"5611df9\" data-element_type=\"widget\" data-e-type=\"widget\" data-widget_type=\"heading.default\">\n\t\t\t\t<div class=\"elementor-widget-container\">\n\t\t\t\t\t<h3 class=\"elementor-heading-title elementor-size-default\">LUNES A VIERNES<\/h3>\t\t\t\t<\/div>\n\t\t\t\t<\/div>\n\t\t\t\t<div class=\"elementor-element elementor-element-71631d46 elementor-widget elementor-widget-text-editor\" data-id=\"71631d46\" data-element_type=\"widget\" data-e-type=\"widget\" data-widget_type=\"text-editor.default\">\n\t\t\t\t<div class=\"elementor-widget-container\">\n\t\t\t\t\t\t\t\t\t<p style=\"text-align: left;\">10H00 A 12H00<\/p>\t\t\t\t\t\t\t\t<\/div>\n\t\t\t\t<\/div>\n\t\t\t\t\t<\/div>\n\t\t<\/div>\n\t\t\t\t\t<\/div>\n\t\t<\/section>\n\t\t\t\t<section class=\"elementor-section elementor-top-section elementor-element elementor-element-f79da72 elementor-section-stretched elementor-section-boxed elementor-section-height-default elementor-section-height-default\" data-id=\"f79da72\" data-element_type=\"section\" data-e-type=\"section\" data-settings=\"{&quot;stretch_section&quot;:&quot;section-stretched&quot;,&quot;background_background&quot;:&quot;classic&quot;}\">\n\t\t\t\t\t\t\t<div class=\"elementor-background-overlay\"><\/div>\n\t\t\t\t\t\t\t<div class=\"elementor-container elementor-column-gap-default\">\n\t\t\t\t\t<div class=\"elementor-column elementor-col-100 elementor-top-column elementor-element elementor-element-4403351a\" data-id=\"4403351a\" data-element_type=\"column\" data-e-type=\"column\">\n\t\t\t<div class=\"elementor-widget-wrap elementor-element-populated\">\n\t\t\t\t\t\t<div class=\"elementor-element elementor-element-114f874b elementor-widget elementor-widget-heading\" data-id=\"114f874b\" data-element_type=\"widget\" data-e-type=\"widget\" data-widget_type=\"heading.default\">\n\t\t\t\t<div class=\"elementor-widget-container\">\n\t\t\t\t\t<h2 class=\"elementor-heading-title elementor-size-default\">CONDUCTORES<\/h2>\t\t\t\t<\/div>\n\t\t\t\t<\/div>\n\t\t\t\t<section class=\"elementor-section elementor-inner-section elementor-element elementor-element-10ae5709 elementor-section-boxed elementor-section-height-default elementor-section-height-default\" data-id=\"10ae5709\" data-element_type=\"section\" data-e-type=\"section\">\n\t\t\t\t\t\t<div class=\"elementor-container elementor-column-gap-default\">\n\t\t\t\t\t<div class=\"elementor-column elementor-col-50 elementor-inner-column elementor-element elementor-element-4c205081\" data-id=\"4c205081\" data-element_type=\"column\" data-e-type=\"column\">\n\t\t\t<div class=\"elementor-widget-wrap elementor-element-populated\">\n\t\t\t\t\t\t<div class=\"elementor-element elementor-element-22bde32d elementor-position-top elementor-widget elementor-widget-image-box\" data-id=\"22bde32d\" data-element_type=\"widget\" data-e-type=\"widget\" data-widget_type=\"image-box.default\">\n\t\t\t\t<div class=\"elementor-widget-container\">\n\t\t\t\t\t<div class=\"elementor-image-box-wrapper\"><figure class=\"elementor-image-box-img\"><img decoding=\"async\" src=\"https:\/\/mqradio.quito.gob.ec\/wp-content\/uploads\/elementor\/thumbs\/312A9671-scaled-r8k9t9jy4uhiimxubkc3ijz5s7kqdo02rnk23xvyzc.jpg\" title=\"312A9671\" alt=\"312A9671\" loading=\"lazy\" \/><\/figure><div class=\"elementor-image-box-content\"><h3 class=\"elementor-image-box-title\">Daniel Montalvo<\/h3><\/div><\/div>\t\t\t\t<\/div>\n\t\t\t\t<\/div>\n\t\t\t\t\t<\/div>\n\t\t<\/div>\n\t\t\t\t<div class=\"elementor-column elementor-col-50 elementor-inner-column elementor-element elementor-element-d5bd684\" data-id=\"d5bd684\" data-element_type=\"column\" data-e-type=\"column\">\n\t\t\t<div class=\"elementor-widget-wrap elementor-element-populated\">\n\t\t\t\t\t\t<div class=\"elementor-element elementor-element-7e2b9d5b elementor-position-top elementor-widget elementor-widget-image-box\" data-id=\"7e2b9d5b\" data-element_type=\"widget\" data-e-type=\"widget\" data-widget_type=\"image-box.default\">\n\t\t\t\t<div class=\"elementor-widget-container\">\n\t\t\t\t\t<div class=\"elementor-image-box-wrapper\"><figure class=\"elementor-image-box-img\"><img decoding=\"async\" src=\"https:\/\/mqradio.quito.gob.ec\/wp-content\/uploads\/elementor\/thumbs\/312A9657-1-scaled-r8k9tjw680vo2citn6szrzd8bg5rqc54h2qedzgn2w.jpg\" title=\"312A9657 (1)\" alt=\"312A9657 (1)\" loading=\"lazy\" \/><\/figure><div class=\"elementor-image-box-content\"><h3 class=\"elementor-image-box-title\">Belkis S\u00e1nchez<\/h3><\/div><\/div>\t\t\t\t<\/div>\n\t\t\t\t<\/div>\n\t\t\t\t\t<\/div>\n\t\t<\/div>\n\t\t\t\t\t<\/div>\n\t\t<\/section>\n\t\t\t\t\t<\/div>\n\t\t<\/div>\n\t\t\t\t\t<\/div>\n\t\t<\/section>\n\t\t\t\t<\/div>\n\t\t","protected":false},"excerpt":{"rendered":"<p>MQ Noticias \u00bfDE QU\u00c9 SE TRATA? Es un espacio period\u00edstico que presenta la informaci\u00f3n m\u00e1s relevante de Quito y el pa\u00eds. Con enfoque \u00e1gil y veraz, ofrece noticias, entrevistas, an\u00e1lisis y datos clave para comprender la actualidad. Un programa que mantiene informada a la ciudadan\u00eda con rigor y responsabilidad. M\u00cdRALOS EN YOUTUBE Revive los mejores [&hellip;]<\/p>\n","protected":false},"author":3,"featured_media":0,"parent":0,"menu_order":0,"comment_status":"closed","ping_status":"closed","template":"","meta":{"footnotes":""},"class_list":["post-229","page","type-page","status-publish","hentry"],"yoast_head":"<!-- This site is optimized with the Yoast SEO plugin v27.2 - https:\/\/yoast.com\/product\/yoast-seo-wordpress\/ -->\n<title>MQ Noticias - MQRadio 102.9 FM<\/title>\n<meta name=\"robots\" content=\"index, follow, max-snippet:-1, max-image-preview:large, max-video-preview:-1\" \/>\n<link rel=\"canonical\" href=\"https:\/\/mqradio.quito.gob.ec\/?page_id=229\" \/>\n<meta property=\"og:locale\" content=\"es_ES\" \/>\n<meta property=\"og:type\" content=\"article\" \/>\n<meta property=\"og:title\" content=\"MQ Noticias - MQRadio 102.9 FM\" \/>\n<meta property=\"og:description\" content=\"MQ Noticias \u00bfDE QU\u00c9 SE TRATA? Es un espacio period\u00edstico que presenta la informaci\u00f3n m\u00e1s relevante de Quito y el pa\u00eds. Con enfoque \u00e1gil y veraz, ofrece noticias, entrevistas, an\u00e1lisis y datos clave para comprender la actualidad. Un programa que mantiene informada a la ciudadan\u00eda con rigor y responsabilidad. M\u00cdRALOS EN YOUTUBE Revive los mejores [&hellip;]\" \/>\n<meta property=\"og:url\" content=\"https:\/\/mqradio.quito.gob.ec\/?page_id=229\" \/>\n<meta property=\"og:site_name\" content=\"MQRadio 102.9 FM\" \/>\n<meta property=\"article:modified_time\" content=\"2025-07-10T17:10:34+00:00\" \/>\n<meta property=\"og:image\" content=\"https:\/\/mqradio.quito.gob.ec\/wp-content\/uploads\/2025\/04\/detail4.png\" \/>\n<meta name=\"twitter:card\" content=\"summary_large_image\" \/>\n<meta name=\"twitter:label1\" content=\"Tiempo de lectura\" \/>\n\t<meta name=\"twitter:data1\" content=\"1 minuto\" \/>\n<script type=\"application\/ld+json\" class=\"yoast-schema-graph\">{\"@context\":\"https:\/\/schema.org\",\"@graph\":[{\"@type\":\"WebPage\",\"@id\":\"https:\/\/mqradio.quito.gob.ec\/?page_id=229\",\"url\":\"https:\/\/mqradio.quito.gob.ec\/?page_id=229\",\"name\":\"MQ Noticias - MQRadio 102.9 FM\",\"isPartOf\":{\"@id\":\"https:\/\/172.30.9.18\/#website\"},\"primaryImageOfPage\":{\"@id\":\"https:\/\/mqradio.quito.gob.ec\/?page_id=229#primaryimage\"},\"image\":{\"@id\":\"https:\/\/mqradio.quito.gob.ec\/?page_id=229#primaryimage\"},\"thumbnailUrl\":\"https:\/\/mqradio.quito.gob.ec\/wp-content\/uploads\/2025\/04\/detail4.png\",\"datePublished\":\"2025-07-10T17:06:53+00:00\",\"dateModified\":\"2025-07-10T17:10:34+00:00\",\"breadcrumb\":{\"@id\":\"https:\/\/mqradio.quito.gob.ec\/?page_id=229#breadcrumb\"},\"inLanguage\":\"es\",\"potentialAction\":[{\"@type\":\"ReadAction\",\"target\":[\"https:\/\/mqradio.quito.gob.ec\/?page_id=229\"]}]},{\"@type\":\"ImageObject\",\"inLanguage\":\"es\",\"@id\":\"https:\/\/mqradio.quito.gob.ec\/?page_id=229#primaryimage\",\"url\":\"https:\/\/mqradio.quito.gob.ec\/wp-content\/uploads\/2025\/04\/detail4.png\",\"contentUrl\":\"https:\/\/mqradio.quito.gob.ec\/wp-content\/uploads\/2025\/04\/detail4.png\",\"width\":53,\"height\":55},{\"@type\":\"BreadcrumbList\",\"@id\":\"https:\/\/mqradio.quito.gob.ec\/?page_id=229#breadcrumb\",\"itemListElement\":[{\"@type\":\"ListItem\",\"position\":1,\"name\":\"Portada\",\"item\":\"https:\/\/172.30.9.18\/\"},{\"@type\":\"ListItem\",\"position\":2,\"name\":\"MQ Noticias\"}]},{\"@type\":\"WebSite\",\"@id\":\"https:\/\/172.30.9.18\/#website\",\"url\":\"https:\/\/172.30.9.18\/\",\"name\":\"MQ Radio 102.9 FM\",\"description\":\"La Radio De Quito\",\"publisher\":{\"@id\":\"https:\/\/172.30.9.18\/#organization\"},\"potentialAction\":[{\"@type\":\"SearchAction\",\"target\":{\"@type\":\"EntryPoint\",\"urlTemplate\":\"https:\/\/172.30.9.18\/?s={search_term_string}\"},\"query-input\":{\"@type\":\"PropertyValueSpecification\",\"valueRequired\":true,\"valueName\":\"search_term_string\"}}],\"inLanguage\":\"es\"},{\"@type\":\"Organization\",\"@id\":\"https:\/\/172.30.9.18\/#organization\",\"name\":\"MQ Radio 102.9 FM\",\"url\":\"https:\/\/172.30.9.18\/\",\"logo\":{\"@type\":\"ImageObject\",\"inLanguage\":\"es\",\"@id\":\"https:\/\/172.30.9.18\/#\/schema\/logo\/image\/\",\"url\":\"https:\/\/mqradio.quito.gob.ec\/wp-content\/uploads\/2025\/07\/logo-trans.png\",\"contentUrl\":\"https:\/\/mqradio.quito.gob.ec\/wp-content\/uploads\/2025\/07\/logo-trans.png\",\"width\":400,\"height\":400,\"caption\":\"MQ Radio 102.9 FM\"},\"image\":{\"@id\":\"https:\/\/172.30.9.18\/#\/schema\/logo\/image\/\"}}]}<\/script>\n<!-- \/ Yoast SEO plugin. -->","yoast_head_json":{"title":"MQ Noticias - MQRadio 102.9 FM","robots":{"index":"index","follow":"follow","max-snippet":"max-snippet:-1","max-image-preview":"max-image-preview:large","max-video-preview":"max-video-preview:-1"},"canonical":"https:\/\/mqradio.quito.gob.ec\/?page_id=229","og_locale":"es_ES","og_type":"article","og_title":"MQ Noticias - MQRadio 102.9 FM","og_description":"MQ Noticias \u00bfDE QU\u00c9 SE TRATA? Es un espacio period\u00edstico que presenta la informaci\u00f3n m\u00e1s relevante de Quito y el pa\u00eds. Con enfoque \u00e1gil y veraz, ofrece noticias, entrevistas, an\u00e1lisis y datos clave para comprender la actualidad. Un programa que mantiene informada a la ciudadan\u00eda con rigor y responsabilidad. M\u00cdRALOS EN YOUTUBE Revive los mejores [&hellip;]","og_url":"https:\/\/mqradio.quito.gob.ec\/?page_id=229","og_site_name":"MQRadio 102.9 FM","article_modified_time":"2025-07-10T17:10:34+00:00","og_image":[{"url":"https:\/\/mqradio.quito.gob.ec\/wp-content\/uploads\/2025\/04\/detail4.png","type":"","width":"","height":""}],"twitter_card":"summary_large_image","twitter_misc":{"Tiempo de lectura":"1 minuto"},"schema":{"@context":"https:\/\/schema.org","@graph":[{"@type":"WebPage","@id":"https:\/\/mqradio.quito.gob.ec\/?page_id=229","url":"https:\/\/mqradio.quito.gob.ec\/?page_id=229","name":"MQ Noticias - MQRadio 102.9 FM","isPartOf":{"@id":"https:\/\/172.30.9.18\/#website"},"primaryImageOfPage":{"@id":"https:\/\/mqradio.quito.gob.ec\/?page_id=229#primaryimage"},"image":{"@id":"https:\/\/mqradio.quito.gob.ec\/?page_id=229#primaryimage"},"thumbnailUrl":"https:\/\/mqradio.quito.gob.ec\/wp-content\/uploads\/2025\/04\/detail4.png","datePublished":"2025-07-10T17:06:53+00:00","dateModified":"2025-07-10T17:10:34+00:00","breadcrumb":{"@id":"https:\/\/mqradio.quito.gob.ec\/?page_id=229#breadcrumb"},"inLanguage":"es","potentialAction":[{"@type":"ReadAction","target":["https:\/\/mqradio.quito.gob.ec\/?page_id=229"]}]},{"@type":"ImageObject","inLanguage":"es","@id":"https:\/\/mqradio.quito.gob.ec\/?page_id=229#primaryimage","url":"https:\/\/mqradio.quito.gob.ec\/wp-content\/uploads\/2025\/04\/detail4.png","contentUrl":"https:\/\/mqradio.quito.gob.ec\/wp-content\/uploads\/2025\/04\/detail4.png","width":53,"height":55},{"@type":"BreadcrumbList","@id":"https:\/\/mqradio.quito.gob.ec\/?page_id=229#breadcrumb","itemListElement":[{"@type":"ListItem","position":1,"name":"Portada","item":"https:\/\/172.30.9.18\/"},{"@type":"ListItem","position":2,"name":"MQ Noticias"}]},{"@type":"WebSite","@id":"https:\/\/172.30.9.18\/#website","url":"https:\/\/172.30.9.18\/","name":"MQ Radio 102.9 FM","description":"La Radio De Quito","publisher":{"@id":"https:\/\/172.30.9.18\/#organization"},"potentialAction":[{"@type":"SearchAction","target":{"@type":"EntryPoint","urlTemplate":"https:\/\/172.30.9.18\/?s={search_term_string}"},"query-input":{"@type":"PropertyValueSpecification","valueRequired":true,"valueName":"search_term_string"}}],"inLanguage":"es"},{"@type":"Organization","@id":"https:\/\/172.30.9.18\/#organization","name":"MQ Radio 102.9 FM","url":"https:\/\/172.30.9.18\/","logo":{"@type":"ImageObject","inLanguage":"es","@id":"https:\/\/172.30.9.18\/#\/schema\/logo\/image\/","url":"https:\/\/mqradio.quito.gob.ec\/wp-content\/uploads\/2025\/07\/logo-trans.png","contentUrl":"https:\/\/mqradio.quito.gob.ec\/wp-content\/uploads\/2025\/07\/logo-trans.png","width":400,"height":400,"caption":"MQ Radio 102.9 FM"},"image":{"@id":"https:\/\/172.30.9.18\/#\/schema\/logo\/image\/"}}]}},"_links":{"self":[{"href":"https:\/\/mqradio.quito.gob.ec\/index.php?rest_route=\/wp\/v2\/pages\/229","targetHints":{"allow":["GET"]}}],"collection":[{"href":"https:\/\/mqradio.quito.gob.ec\/index.php?rest_route=\/wp\/v2\/pages"}],"about":[{"href":"https:\/\/mqradio.quito.gob.ec\/index.php?rest_route=\/wp\/v2\/types\/page"}],"author":[{"embeddable":true,"href":"https:\/\/mqradio.quito.gob.ec\/index.php?rest_route=\/wp\/v2\/users\/3"}],"replies":[{"embeddable":true,"href":"https:\/\/mqradio.quito.gob.ec\/index.php?rest_route=%2Fwp%2Fv2%2Fcomments&post=229"}],"version-history":[{"count":3,"href":"https:\/\/mqradio.quito.gob.ec\/index.php?rest_route=\/wp\/v2\/pages\/229\/revisions"}],"predecessor-version":[{"id":236,"href":"https:\/\/mqradio.quito.gob.ec\/index.php?rest_route=\/wp\/v2\/pages\/229\/revisions\/236"}],"wp:attachment":[{"href":"https:\/\/mqradio.quito.gob.ec\/index.php?rest_route=%2Fwp%2Fv2%2Fmedia&parent=229"}],"curies":[{"name":"wp","href":"https:\/\/api.w.org\/{rel}","templated":true}]}}