{"id":237,"date":"2025-07-10T12:33:09","date_gmt":"2025-07-10T17:33:09","guid":{"rendered":"https:\/\/mqradio.quito.gob.ec\/?page_id=237"},"modified":"2026-03-14T14:55:22","modified_gmt":"2026-03-14T19:55:22","slug":"los-tiempos-de-antes","status":"publish","type":"page","link":"https:\/\/mqradio.quito.gob.ec\/?page_id=237","title":{"rendered":"Los Tiempos de Antes"},"content":{"rendered":"\t\t<div data-elementor-type=\"wp-page\" data-elementor-id=\"237\" class=\"elementor elementor-237\" data-elementor-post-type=\"page\">\n\t\t\t\t\t\t<header class=\"elementor-section elementor-top-section elementor-element elementor-element-18e8c4b elementor-section-height-min-height elementor-section-items-stretch elementor-section-content-middle elementor-section-boxed elementor-section-height-default\" data-id=\"18e8c4b\" data-element_type=\"section\" data-e-type=\"section\" data-settings=\"{&quot;background_background&quot;:&quot;classic&quot;}\">\n\t\t\t\t\t\t\t<div class=\"elementor-background-overlay\"><\/div>\n\t\t\t\t\t\t\t<div class=\"elementor-container elementor-column-gap-default\">\n\t\t\t\t\t<div class=\"elementor-column elementor-col-100 elementor-top-column elementor-element elementor-element-68f4c68b\" data-id=\"68f4c68b\" data-element_type=\"column\" data-e-type=\"column\">\n\t\t\t<div class=\"elementor-widget-wrap elementor-element-populated\">\n\t\t\t\t\t\t<div class=\"elementor-element elementor-element-6153f3c7 elementor-widget elementor-widget-image\" data-id=\"6153f3c7\" data-element_type=\"widget\" data-e-type=\"widget\" data-widget_type=\"image.default\">\n\t\t\t\t<div class=\"elementor-widget-container\">\n\t\t\t\t\t\t\t\t\t\t\t\t\t\t\t<img decoding=\"async\" width=\"53\" height=\"55\" src=\"https:\/\/mqradio.quito.gob.ec\/wp-content\/uploads\/2025\/04\/detail4.png\" class=\"attachment-large size-large wp-image-19\" alt=\"\" \/>\t\t\t\t\t\t\t\t\t\t\t\t\t\t\t<\/div>\n\t\t\t\t<\/div>\n\t\t\t\t<div class=\"elementor-element elementor-element-1f69c4da elementor-widget__width-initial elementor-widget elementor-widget-heading\" data-id=\"1f69c4da\" data-element_type=\"widget\" data-e-type=\"widget\" data-widget_type=\"heading.default\">\n\t\t\t\t<div class=\"elementor-widget-container\">\n\t\t\t\t\t<h1 class=\"elementor-heading-title elementor-size-default\">LOS TIEMPOS DE ANTES<\/h1>\t\t\t\t<\/div>\n\t\t\t\t<\/div>\n\t\t\t\t\t<\/div>\n\t\t<\/div>\n\t\t\t\t\t<\/div>\n\t\t<\/header>\n\t\t\t\t<section class=\"elementor-section elementor-top-section elementor-element elementor-element-5f6b18ff elementor-section-stretched elementor-reverse-tablet elementor-reverse-mobile elementor-section-boxed elementor-section-height-default elementor-section-height-default\" data-id=\"5f6b18ff\" data-element_type=\"section\" data-e-type=\"section\" data-settings=\"{&quot;stretch_section&quot;:&quot;section-stretched&quot;,&quot;background_background&quot;:&quot;classic&quot;}\">\n\t\t\t\t\t\t<div class=\"elementor-container elementor-column-gap-default\">\n\t\t\t\t\t<div class=\"elementor-column elementor-col-50 elementor-top-column elementor-element elementor-element-aece8c7\" data-id=\"aece8c7\" data-element_type=\"column\" data-e-type=\"column\">\n\t\t\t<div class=\"elementor-widget-wrap elementor-element-populated\">\n\t\t\t\t\t\t<div class=\"elementor-element elementor-element-1be8239c elementor-widget elementor-widget-image\" data-id=\"1be8239c\" data-element_type=\"widget\" data-e-type=\"widget\" data-widget_type=\"image.default\">\n\t\t\t\t<div class=\"elementor-widget-container\">\n\t\t\t\t\t\t\t\t\t\t\t\t\t\t\t<img decoding=\"async\" src=\"https:\/\/mqradio.quito.gob.ec\/wp-content\/uploads\/elementor\/thumbs\/341A0301-scaled-rkiexxuj2xr4g7yb3yhov6w6dikgl0zi0c1erm4dic.jpg\" title=\"341A0301\" alt=\"341A0301\" class=\"elementor-animation-grow\" loading=\"lazy\" \/>\t\t\t\t\t\t\t\t\t\t\t\t\t\t\t<\/div>\n\t\t\t\t<\/div>\n\t\t\t\t\t<\/div>\n\t\t<\/div>\n\t\t\t\t<div class=\"elementor-column elementor-col-50 elementor-top-column elementor-element elementor-element-57104a86\" data-id=\"57104a86\" data-element_type=\"column\" data-e-type=\"column\">\n\t\t\t<div class=\"elementor-widget-wrap elementor-element-populated\">\n\t\t\t\t\t\t<div class=\"elementor-element elementor-element-33092134 elementor-widget elementor-widget-heading\" data-id=\"33092134\" data-element_type=\"widget\" data-e-type=\"widget\" data-widget_type=\"heading.default\">\n\t\t\t\t<div class=\"elementor-widget-container\">\n\t\t\t\t\t<h6 class=\"elementor-heading-title elementor-size-default\">\u00bfDE QU\u00c9 SE TRATA?<\/h6>\t\t\t\t<\/div>\n\t\t\t\t<\/div>\n\t\t\t\t<div class=\"elementor-element elementor-element-286f2a23 elementor-widget__width-initial elementor-widget elementor-widget-heading\" data-id=\"286f2a23\" data-element_type=\"widget\" data-e-type=\"widget\" data-widget_type=\"heading.default\">\n\t\t\t\t<div class=\"elementor-widget-container\">\n\t\t\t\t\t<h2 class=\"elementor-heading-title elementor-size-default\">Programa musical nocturno con la mejor selecci\u00f3n para acompa\u00f1arte mientras disfrutas de la calma de la noche. Adem\u00e1s, te mantenemos conectado con Quito a trav\u00e9s de segmentos especiales sobre cultura, eventos y noticias locales. <\/h2>\t\t\t\t<\/div>\n\t\t\t\t<\/div>\n\t\t\t\t\t<\/div>\n\t\t<\/div>\n\t\t\t\t\t<\/div>\n\t\t<\/section>\n\t\t\t\t<section class=\"elementor-section elementor-top-section elementor-element elementor-element-3e9bc9ca elementor-section-stretched elementor-reverse-tablet elementor-reverse-mobile elementor-section-boxed elementor-section-height-default elementor-section-height-default\" data-id=\"3e9bc9ca\" data-element_type=\"section\" data-e-type=\"section\" data-settings=\"{&quot;background_background&quot;:&quot;classic&quot;,&quot;stretch_section&quot;:&quot;section-stretched&quot;}\">\n\t\t\t\t\t\t<div class=\"elementor-container elementor-column-gap-default\">\n\t\t\t\t\t<div class=\"elementor-column elementor-col-50 elementor-top-column elementor-element elementor-element-1a32cb24\" data-id=\"1a32cb24\" data-element_type=\"column\" data-e-type=\"column\">\n\t\t\t<div class=\"elementor-widget-wrap elementor-element-populated\">\n\t\t\t\t\t\t<div class=\"elementor-element elementor-element-5b70b367 elementor-widget elementor-widget-heading\" data-id=\"5b70b367\" data-element_type=\"widget\" data-e-type=\"widget\" data-widget_type=\"heading.default\">\n\t\t\t\t<div class=\"elementor-widget-container\">\n\t\t\t\t\t<h3 class=\"elementor-heading-title elementor-size-default\">\u00bfCu\u00e1ndo escucharlo?<\/h3>\t\t\t\t<\/div>\n\t\t\t\t<\/div>\n\t\t\t\t<div class=\"elementor-element elementor-element-3bfb3543 elementor-widget elementor-widget-text-editor\" data-id=\"3bfb3543\" data-element_type=\"widget\" data-e-type=\"widget\" data-widget_type=\"text-editor.default\">\n\t\t\t\t<div class=\"elementor-widget-container\">\n\t\t\t\t\t\t\t\t\t<p style=\"text-align: left;\">Esc\u00fachalo cuando necesites un buen momento musical que te acompa\u00f1e, relaje o motive. Ideal para tus pausas, trayectos o simplemente para disfrutar en casa, siempre con la mejor selecci\u00f3n para hacer tu d\u00eda m\u00e1s ameno.<\/p>\t\t\t\t\t\t\t\t<\/div>\n\t\t\t\t<\/div>\n\t\t\t\t\t<\/div>\n\t\t<\/div>\n\t\t\t\t<div class=\"elementor-column elementor-col-50 elementor-top-column elementor-element elementor-element-6cd9e417\" data-id=\"6cd9e417\" data-element_type=\"column\" data-e-type=\"column\">\n\t\t\t<div class=\"elementor-widget-wrap elementor-element-populated\">\n\t\t\t\t\t\t<div class=\"elementor-element elementor-element-61f4a109 elementor-widget elementor-widget-heading\" data-id=\"61f4a109\" data-element_type=\"widget\" data-e-type=\"widget\" data-widget_type=\"heading.default\">\n\t\t\t\t<div class=\"elementor-widget-container\">\n\t\t\t\t\t<h3 class=\"elementor-heading-title elementor-size-default\">LUNES A VIERNES<\/h3>\t\t\t\t<\/div>\n\t\t\t\t<\/div>\n\t\t\t\t<div class=\"elementor-element elementor-element-eba2f1 elementor-widget elementor-widget-text-editor\" data-id=\"eba2f1\" data-element_type=\"widget\" data-e-type=\"widget\" data-widget_type=\"text-editor.default\">\n\t\t\t\t<div class=\"elementor-widget-container\">\n\t\t\t\t\t\t\t\t\t<p style=\"text-align: left;\">18H00 A 20H00<\/p>\t\t\t\t\t\t\t\t<\/div>\n\t\t\t\t<\/div>\n\t\t\t\t\t<\/div>\n\t\t<\/div>\n\t\t\t\t\t<\/div>\n\t\t<\/section>\n\t\t\t\t<section class=\"elementor-section elementor-top-section elementor-element elementor-element-30b819e5 elementor-section-stretched elementor-section-boxed elementor-section-height-default elementor-section-height-default\" data-id=\"30b819e5\" data-element_type=\"section\" data-e-type=\"section\" data-settings=\"{&quot;stretch_section&quot;:&quot;section-stretched&quot;,&quot;background_background&quot;:&quot;classic&quot;}\">\n\t\t\t\t\t\t\t<div class=\"elementor-background-overlay\"><\/div>\n\t\t\t\t\t\t\t<div class=\"elementor-container elementor-column-gap-default\">\n\t\t\t\t\t<div class=\"elementor-column elementor-col-100 elementor-top-column elementor-element elementor-element-1a244fdd\" data-id=\"1a244fdd\" data-element_type=\"column\" data-e-type=\"column\">\n\t\t\t<div class=\"elementor-widget-wrap elementor-element-populated\">\n\t\t\t\t\t\t<div class=\"elementor-element elementor-element-50f4ec7d elementor-widget elementor-widget-heading\" data-id=\"50f4ec7d\" data-element_type=\"widget\" data-e-type=\"widget\" data-widget_type=\"heading.default\">\n\t\t\t\t<div class=\"elementor-widget-container\">\n\t\t\t\t\t<h2 class=\"elementor-heading-title elementor-size-default\">CONDUCTORES<\/h2>\t\t\t\t<\/div>\n\t\t\t\t<\/div>\n\t\t\t\t<section class=\"elementor-section elementor-inner-section elementor-element elementor-element-77c05bab elementor-section-boxed elementor-section-height-default elementor-section-height-default\" data-id=\"77c05bab\" data-element_type=\"section\" data-e-type=\"section\">\n\t\t\t\t\t\t<div class=\"elementor-container elementor-column-gap-default\">\n\t\t\t\t\t<div class=\"elementor-column elementor-col-100 elementor-inner-column elementor-element elementor-element-6e4d4d5\" data-id=\"6e4d4d5\" data-element_type=\"column\" data-e-type=\"column\">\n\t\t\t<div class=\"elementor-widget-wrap elementor-element-populated\">\n\t\t\t\t\t\t<div class=\"elementor-element elementor-element-e16be9e elementor-widget elementor-widget-image\" data-id=\"e16be9e\" data-element_type=\"widget\" data-e-type=\"widget\" data-widget_type=\"image.default\">\n\t\t\t\t<div class=\"elementor-widget-container\">\n\t\t\t\t\t\t\t\t\t\t\t\t\t\t\t<img fetchpriority=\"high\" decoding=\"async\" width=\"800\" height=\"534\" src=\"https:\/\/mqradio.quito.gob.ec\/wp-content\/uploads\/2026\/03\/341A0303-1024x683.jpg\" class=\"attachment-large size-large wp-image-826\" alt=\"\" srcset=\"https:\/\/mqradio.quito.gob.ec\/wp-content\/uploads\/2026\/03\/341A0303-1024x683.jpg 1024w, https:\/\/mqradio.quito.gob.ec\/wp-content\/uploads\/2026\/03\/341A0303-300x200.jpg 300w, https:\/\/mqradio.quito.gob.ec\/wp-content\/uploads\/2026\/03\/341A0303-768x512.jpg 768w, https:\/\/mqradio.quito.gob.ec\/wp-content\/uploads\/2026\/03\/341A0303-1536x1024.jpg 1536w, https:\/\/mqradio.quito.gob.ec\/wp-content\/uploads\/2026\/03\/341A0303-2048x1365.jpg 2048w\" sizes=\"(max-width: 800px) 100vw, 800px\" \/>\t\t\t\t\t\t\t\t\t\t\t\t\t\t\t<\/div>\n\t\t\t\t<\/div>\n\t\t\t\t<div class=\"elementor-element elementor-element-2360caff elementor-widget elementor-widget-image-box\" data-id=\"2360caff\" data-element_type=\"widget\" data-e-type=\"widget\" data-widget_type=\"image-box.default\">\n\t\t\t\t<div class=\"elementor-widget-container\">\n\t\t\t\t\t<div class=\"elementor-image-box-wrapper\"><div class=\"elementor-image-box-content\"><h3 class=\"elementor-image-box-title\">Juan Carlos Folleco<\/h3><\/div><\/div>\t\t\t\t<\/div>\n\t\t\t\t<\/div>\n\t\t\t\t\t<\/div>\n\t\t<\/div>\n\t\t\t\t\t<\/div>\n\t\t<\/section>\n\t\t\t\t\t<\/div>\n\t\t<\/div>\n\t\t\t\t\t<\/div>\n\t\t<\/section>\n\t\t<div class=\"elementor-element elementor-element-b676a40 e-flex e-con-boxed e-con e-parent\" data-id=\"b676a40\" data-element_type=\"container\" data-e-type=\"container\">\n\t\t\t\t\t<div class=\"e-con-inner\">\n\t\t\t\t<div class=\"elementor-element elementor-element-b94bbe2 elementor-widget elementor-widget-shortcode\" data-id=\"b94bbe2\" data-element_type=\"widget\" data-e-type=\"widget\" data-widget_type=\"shortcode.default\">\n\t\t\t\t<div class=\"elementor-widget-container\">\n\t\t\t\t\t\t\t<div class=\"elementor-shortcode\"><div id=\"audioigniter-367\" class=\"audioigniter-root \" data-player-type=\"full\" data-tracks-url=\"https:\/\/mqradio.quito.gob.ec\/?audioigniter_playlist_id=367\" data-display-track-no=\"true\" data-reverse-track-order=\"false\" data-display-tracklist-covers=\"true\" data-display-active-cover=\"true\" data-display-artist-names=\"true\" data-display-buy-buttons=\"true\" data-buy-buttons-target=\"true\" data-cycle-tracks=\"false\" data-display-credits=\"false\" data-display-tracklist=\"true\" data-allow-tracklist-toggle=\"true\" data-allow-tracklist-loop=\"true\" data-limit-tracklist-height=\"true\" data-volume=\"100\" data-tracklist-height=\"185\" ><\/div><\/div>\n\t\t\t\t\t\t<\/div>\n\t\t\t\t<\/div>\n\t\t\t\t\t<\/div>\n\t\t\t\t<\/div>\n\t\t\t\t<\/div>\n\t\t","protected":false},"excerpt":{"rendered":"<p>LOS TIEMPOS DE ANTES \u00bfDE QU\u00c9 SE TRATA? Programa musical nocturno con la mejor selecci\u00f3n para acompa\u00f1arte mientras disfrutas de la calma de la noche. Adem\u00e1s, te mantenemos conectado con Quito a trav\u00e9s de segmentos especiales sobre cultura, eventos y noticias locales. \u00bfCu\u00e1ndo escucharlo? Esc\u00fachalo cuando necesites un buen momento musical que te acompa\u00f1e, relaje [&hellip;]<\/p>\n","protected":false},"author":3,"featured_media":0,"parent":0,"menu_order":0,"comment_status":"closed","ping_status":"closed","template":"","meta":{"footnotes":""},"class_list":["post-237","page","type-page","status-publish","hentry"],"yoast_head":"<!-- This site is optimized with the Yoast SEO plugin v27.2 - https:\/\/yoast.com\/product\/yoast-seo-wordpress\/ -->\n<title>Los Tiempos de Antes - MQRadio 102.9 FM<\/title>\n<meta name=\"robots\" content=\"index, follow, max-snippet:-1, max-image-preview:large, max-video-preview:-1\" \/>\n<link rel=\"canonical\" href=\"https:\/\/mqradio.quito.gob.ec\/?page_id=237\" \/>\n<meta property=\"og:locale\" content=\"es_ES\" \/>\n<meta property=\"og:type\" content=\"article\" \/>\n<meta property=\"og:title\" content=\"Los Tiempos de Antes - MQRadio 102.9 FM\" \/>\n<meta property=\"og:description\" content=\"LOS TIEMPOS DE ANTES \u00bfDE QU\u00c9 SE TRATA? Programa musical nocturno con la mejor selecci\u00f3n para acompa\u00f1arte mientras disfrutas de la calma de la noche. Adem\u00e1s, te mantenemos conectado con Quito a trav\u00e9s de segmentos especiales sobre cultura, eventos y noticias locales. \u00bfCu\u00e1ndo escucharlo? Esc\u00fachalo cuando necesites un buen momento musical que te acompa\u00f1e, relaje [&hellip;]\" \/>\n<meta property=\"og:url\" content=\"https:\/\/mqradio.quito.gob.ec\/?page_id=237\" \/>\n<meta property=\"og:site_name\" content=\"MQRadio 102.9 FM\" \/>\n<meta property=\"article:modified_time\" content=\"2026-03-14T19:55:22+00:00\" \/>\n<meta property=\"og:image\" content=\"https:\/\/mqradio.quito.gob.ec\/wp-content\/uploads\/2025\/04\/detail4.png\" \/>\n<meta name=\"twitter:card\" content=\"summary_large_image\" \/>\n<meta name=\"twitter:label1\" content=\"Tiempo de lectura\" \/>\n\t<meta name=\"twitter:data1\" content=\"2 minutos\" \/>\n<script type=\"application\/ld+json\" class=\"yoast-schema-graph\">{\"@context\":\"https:\/\/schema.org\",\"@graph\":[{\"@type\":\"WebPage\",\"@id\":\"https:\/\/mqradio.quito.gob.ec\/?page_id=237\",\"url\":\"https:\/\/mqradio.quito.gob.ec\/?page_id=237\",\"name\":\"Los Tiempos de Antes - MQRadio 102.9 FM\",\"isPartOf\":{\"@id\":\"https:\/\/172.30.9.18\/#website\"},\"primaryImageOfPage\":{\"@id\":\"https:\/\/mqradio.quito.gob.ec\/?page_id=237#primaryimage\"},\"image\":{\"@id\":\"https:\/\/mqradio.quito.gob.ec\/?page_id=237#primaryimage\"},\"thumbnailUrl\":\"https:\/\/mqradio.quito.gob.ec\/wp-content\/uploads\/2025\/04\/detail4.png\",\"datePublished\":\"2025-07-10T17:33:09+00:00\",\"dateModified\":\"2026-03-14T19:55:22+00:00\",\"breadcrumb\":{\"@id\":\"https:\/\/mqradio.quito.gob.ec\/?page_id=237#breadcrumb\"},\"inLanguage\":\"es\",\"potentialAction\":[{\"@type\":\"ReadAction\",\"target\":[\"https:\/\/mqradio.quito.gob.ec\/?page_id=237\"]}]},{\"@type\":\"ImageObject\",\"inLanguage\":\"es\",\"@id\":\"https:\/\/mqradio.quito.gob.ec\/?page_id=237#primaryimage\",\"url\":\"https:\/\/mqradio.quito.gob.ec\/wp-content\/uploads\/2025\/04\/detail4.png\",\"contentUrl\":\"https:\/\/mqradio.quito.gob.ec\/wp-content\/uploads\/2025\/04\/detail4.png\",\"width\":53,\"height\":55},{\"@type\":\"BreadcrumbList\",\"@id\":\"https:\/\/mqradio.quito.gob.ec\/?page_id=237#breadcrumb\",\"itemListElement\":[{\"@type\":\"ListItem\",\"position\":1,\"name\":\"Portada\",\"item\":\"https:\/\/172.30.9.18\/\"},{\"@type\":\"ListItem\",\"position\":2,\"name\":\"Los Tiempos de Antes\"}]},{\"@type\":\"WebSite\",\"@id\":\"https:\/\/172.30.9.18\/#website\",\"url\":\"https:\/\/172.30.9.18\/\",\"name\":\"MQ Radio 102.9 FM\",\"description\":\"La Radio De Quito\",\"publisher\":{\"@id\":\"https:\/\/172.30.9.18\/#organization\"},\"potentialAction\":[{\"@type\":\"SearchAction\",\"target\":{\"@type\":\"EntryPoint\",\"urlTemplate\":\"https:\/\/172.30.9.18\/?s={search_term_string}\"},\"query-input\":{\"@type\":\"PropertyValueSpecification\",\"valueRequired\":true,\"valueName\":\"search_term_string\"}}],\"inLanguage\":\"es\"},{\"@type\":\"Organization\",\"@id\":\"https:\/\/172.30.9.18\/#organization\",\"name\":\"MQ Radio 102.9 FM\",\"url\":\"https:\/\/172.30.9.18\/\",\"logo\":{\"@type\":\"ImageObject\",\"inLanguage\":\"es\",\"@id\":\"https:\/\/172.30.9.18\/#\/schema\/logo\/image\/\",\"url\":\"https:\/\/mqradio.quito.gob.ec\/wp-content\/uploads\/2025\/07\/logo-trans.png\",\"contentUrl\":\"https:\/\/mqradio.quito.gob.ec\/wp-content\/uploads\/2025\/07\/logo-trans.png\",\"width\":400,\"height\":400,\"caption\":\"MQ Radio 102.9 FM\"},\"image\":{\"@id\":\"https:\/\/172.30.9.18\/#\/schema\/logo\/image\/\"}}]}<\/script>\n<!-- \/ Yoast SEO plugin. -->","yoast_head_json":{"title":"Los Tiempos de Antes - MQRadio 102.9 FM","robots":{"index":"index","follow":"follow","max-snippet":"max-snippet:-1","max-image-preview":"max-image-preview:large","max-video-preview":"max-video-preview:-1"},"canonical":"https:\/\/mqradio.quito.gob.ec\/?page_id=237","og_locale":"es_ES","og_type":"article","og_title":"Los Tiempos de Antes - MQRadio 102.9 FM","og_description":"LOS TIEMPOS DE ANTES \u00bfDE QU\u00c9 SE TRATA? Programa musical nocturno con la mejor selecci\u00f3n para acompa\u00f1arte mientras disfrutas de la calma de la noche. Adem\u00e1s, te mantenemos conectado con Quito a trav\u00e9s de segmentos especiales sobre cultura, eventos y noticias locales. \u00bfCu\u00e1ndo escucharlo? Esc\u00fachalo cuando necesites un buen momento musical que te acompa\u00f1e, relaje [&hellip;]","og_url":"https:\/\/mqradio.quito.gob.ec\/?page_id=237","og_site_name":"MQRadio 102.9 FM","article_modified_time":"2026-03-14T19:55:22+00:00","og_image":[{"url":"https:\/\/mqradio.quito.gob.ec\/wp-content\/uploads\/2025\/04\/detail4.png","type":"","width":"","height":""}],"twitter_card":"summary_large_image","twitter_misc":{"Tiempo de lectura":"2 minutos"},"schema":{"@context":"https:\/\/schema.org","@graph":[{"@type":"WebPage","@id":"https:\/\/mqradio.quito.gob.ec\/?page_id=237","url":"https:\/\/mqradio.quito.gob.ec\/?page_id=237","name":"Los Tiempos de Antes - MQRadio 102.9 FM","isPartOf":{"@id":"https:\/\/172.30.9.18\/#website"},"primaryImageOfPage":{"@id":"https:\/\/mqradio.quito.gob.ec\/?page_id=237#primaryimage"},"image":{"@id":"https:\/\/mqradio.quito.gob.ec\/?page_id=237#primaryimage"},"thumbnailUrl":"https:\/\/mqradio.quito.gob.ec\/wp-content\/uploads\/2025\/04\/detail4.png","datePublished":"2025-07-10T17:33:09+00:00","dateModified":"2026-03-14T19:55:22+00:00","breadcrumb":{"@id":"https:\/\/mqradio.quito.gob.ec\/?page_id=237#breadcrumb"},"inLanguage":"es","potentialAction":[{"@type":"ReadAction","target":["https:\/\/mqradio.quito.gob.ec\/?page_id=237"]}]},{"@type":"ImageObject","inLanguage":"es","@id":"https:\/\/mqradio.quito.gob.ec\/?page_id=237#primaryimage","url":"https:\/\/mqradio.quito.gob.ec\/wp-content\/uploads\/2025\/04\/detail4.png","contentUrl":"https:\/\/mqradio.quito.gob.ec\/wp-content\/uploads\/2025\/04\/detail4.png","width":53,"height":55},{"@type":"BreadcrumbList","@id":"https:\/\/mqradio.quito.gob.ec\/?page_id=237#breadcrumb","itemListElement":[{"@type":"ListItem","position":1,"name":"Portada","item":"https:\/\/172.30.9.18\/"},{"@type":"ListItem","position":2,"name":"Los Tiempos de Antes"}]},{"@type":"WebSite","@id":"https:\/\/172.30.9.18\/#website","url":"https:\/\/172.30.9.18\/","name":"MQ Radio 102.9 FM","description":"La Radio De Quito","publisher":{"@id":"https:\/\/172.30.9.18\/#organization"},"potentialAction":[{"@type":"SearchAction","target":{"@type":"EntryPoint","urlTemplate":"https:\/\/172.30.9.18\/?s={search_term_string}"},"query-input":{"@type":"PropertyValueSpecification","valueRequired":true,"valueName":"search_term_string"}}],"inLanguage":"es"},{"@type":"Organization","@id":"https:\/\/172.30.9.18\/#organization","name":"MQ Radio 102.9 FM","url":"https:\/\/172.30.9.18\/","logo":{"@type":"ImageObject","inLanguage":"es","@id":"https:\/\/172.30.9.18\/#\/schema\/logo\/image\/","url":"https:\/\/mqradio.quito.gob.ec\/wp-content\/uploads\/2025\/07\/logo-trans.png","contentUrl":"https:\/\/mqradio.quito.gob.ec\/wp-content\/uploads\/2025\/07\/logo-trans.png","width":400,"height":400,"caption":"MQ Radio 102.9 FM"},"image":{"@id":"https:\/\/172.30.9.18\/#\/schema\/logo\/image\/"}}]}},"_links":{"self":[{"href":"https:\/\/mqradio.quito.gob.ec\/index.php?rest_route=\/wp\/v2\/pages\/237","targetHints":{"allow":["GET"]}}],"collection":[{"href":"https:\/\/mqradio.quito.gob.ec\/index.php?rest_route=\/wp\/v2\/pages"}],"about":[{"href":"https:\/\/mqradio.quito.gob.ec\/index.php?rest_route=\/wp\/v2\/types\/page"}],"author":[{"embeddable":true,"href":"https:\/\/mqradio.quito.gob.ec\/index.php?rest_route=\/wp\/v2\/users\/3"}],"replies":[{"embeddable":true,"href":"https:\/\/mqradio.quito.gob.ec\/index.php?rest_route=%2Fwp%2Fv2%2Fcomments&post=237"}],"version-history":[{"count":9,"href":"https:\/\/mqradio.quito.gob.ec\/index.php?rest_route=\/wp\/v2\/pages\/237\/revisions"}],"predecessor-version":[{"id":836,"href":"https:\/\/mqradio.quito.gob.ec\/index.php?rest_route=\/wp\/v2\/pages\/237\/revisions\/836"}],"wp:attachment":[{"href":"https:\/\/mqradio.quito.gob.ec\/index.php?rest_route=%2Fwp%2Fv2%2Fmedia&parent=237"}],"curies":[{"name":"wp","href":"https:\/\/api.w.org\/{rel}","templated":true}]}}