{"id":289,"date":"2025-07-10T13:06:05","date_gmt":"2025-07-10T18:06:05","guid":{"rendered":"https:\/\/mqradio.quito.gob.ec\/?page_id=289"},"modified":"2025-07-10T13:13:01","modified_gmt":"2025-07-10T18:13:01","slug":"nosotros-2","status":"publish","type":"page","link":"https:\/\/mqradio.quito.gob.ec\/?page_id=289","title":{"rendered":"Nosotros"},"content":{"rendered":"\t\t<div data-elementor-type=\"wp-page\" data-elementor-id=\"289\" class=\"elementor elementor-289\" data-elementor-post-type=\"page\">\n\t\t\t\t\t\t<header class=\"elementor-section elementor-top-section elementor-element elementor-element-4fa20298 elementor-section-height-min-height elementor-section-items-stretch elementor-section-content-middle elementor-section-boxed elementor-section-height-default\" data-id=\"4fa20298\" data-element_type=\"section\" data-e-type=\"section\" data-settings=\"{&quot;background_background&quot;:&quot;classic&quot;}\">\n\t\t\t\t\t\t\t<div class=\"elementor-background-overlay\"><\/div>\n\t\t\t\t\t\t\t<div class=\"elementor-container elementor-column-gap-default\">\n\t\t\t\t\t<div class=\"elementor-column elementor-col-100 elementor-top-column elementor-element elementor-element-b159cb4\" data-id=\"b159cb4\" data-element_type=\"column\" data-e-type=\"column\">\n\t\t\t<div class=\"elementor-widget-wrap elementor-element-populated\">\n\t\t\t\t\t\t<div class=\"elementor-element elementor-element-78d8dbd elementor-widget elementor-widget-image\" data-id=\"78d8dbd\" data-element_type=\"widget\" data-e-type=\"widget\" data-widget_type=\"image.default\">\n\t\t\t\t<div class=\"elementor-widget-container\">\n\t\t\t\t\t\t\t\t\t\t\t\t\t\t\t<img decoding=\"async\" width=\"53\" height=\"55\" src=\"https:\/\/mqradio.quito.gob.ec\/wp-content\/uploads\/2025\/07\/detail4.png\" class=\"attachment-large size-large wp-image-251\" alt=\"\" \/>\t\t\t\t\t\t\t\t\t\t\t\t\t\t\t<\/div>\n\t\t\t\t<\/div>\n\t\t\t\t<div class=\"elementor-element elementor-element-1398ea39 elementor-widget__width-auto elementor-widget elementor-widget-heading\" data-id=\"1398ea39\" data-element_type=\"widget\" data-e-type=\"widget\" data-widget_type=\"heading.default\">\n\t\t\t\t<div class=\"elementor-widget-container\">\n\t\t\t\t\t<h1 class=\"elementor-heading-title elementor-size-default\">Nosotros<\/h1>\t\t\t\t<\/div>\n\t\t\t\t<\/div>\n\t\t\t\t\t<\/div>\n\t\t<\/div>\n\t\t\t\t\t<\/div>\n\t\t<\/header>\n\t\t\t\t<section class=\"elementor-section elementor-top-section elementor-element elementor-element-332af372 elementor-section-stretched elementor-reverse-tablet elementor-reverse-mobile elementor-section-boxed elementor-section-height-default elementor-section-height-default\" data-id=\"332af372\" data-element_type=\"section\" data-e-type=\"section\" data-settings=\"{&quot;stretch_section&quot;:&quot;section-stretched&quot;,&quot;background_background&quot;:&quot;classic&quot;}\">\n\t\t\t\t\t\t<div class=\"elementor-container elementor-column-gap-default\">\n\t\t\t\t\t<div class=\"elementor-column elementor-col-50 elementor-top-column elementor-element elementor-element-9cdcf96\" data-id=\"9cdcf96\" data-element_type=\"column\" data-e-type=\"column\">\n\t\t\t<div class=\"elementor-widget-wrap elementor-element-populated\">\n\t\t\t\t\t\t<div class=\"elementor-element elementor-element-13410ce6 elementor-widget elementor-widget-image\" data-id=\"13410ce6\" data-element_type=\"widget\" data-e-type=\"widget\" data-widget_type=\"image.default\">\n\t\t\t\t<div class=\"elementor-widget-container\">\n\t\t\t\t\t\t\t\t\t\t\t\t\t\t\t<img decoding=\"async\" src=\"https:\/\/mqradio.quito.gob.ec\/wp-content\/uploads\/elementor\/thumbs\/Red-White-Modern-Animated-Breaking-News-Intro-Video-7-r5hbmsg7o8bhqo6mnk7obhhsivxykonedll3ng4ep0.png\" title=\"Red &#038; White Modern Animated Breaking News Intro Video (7)\" alt=\"Red &amp; White Modern Animated Breaking News Intro Video (7)\" class=\"elementor-animation-grow\" loading=\"lazy\" \/>\t\t\t\t\t\t\t\t\t\t\t\t\t\t\t<\/div>\n\t\t\t\t<\/div>\n\t\t\t\t\t<\/div>\n\t\t<\/div>\n\t\t\t\t<div class=\"elementor-column elementor-col-50 elementor-top-column elementor-element elementor-element-7041dbb5\" data-id=\"7041dbb5\" data-element_type=\"column\" data-e-type=\"column\">\n\t\t\t<div class=\"elementor-widget-wrap elementor-element-populated\">\n\t\t\t\t\t\t<div class=\"elementor-element elementor-element-15de7fdd elementor-invisible elementor-widget elementor-widget-image\" data-id=\"15de7fdd\" data-element_type=\"widget\" data-e-type=\"widget\" data-settings=\"{&quot;_animation&quot;:&quot;fadeInLeft&quot;}\" data-widget_type=\"image.default\">\n\t\t\t\t<div class=\"elementor-widget-container\">\n\t\t\t\t\t\t\t\t\t\t\t\t\t\t\t<img decoding=\"async\" width=\"135\" height=\"129\" src=\"https:\/\/mqradio.quito.gob.ec\/wp-content\/uploads\/2025\/07\/glyph1.png\" class=\"attachment-large size-large wp-image-252\" alt=\"\" \/>\t\t\t\t\t\t\t\t\t\t\t\t\t\t\t<\/div>\n\t\t\t\t<\/div>\n\t\t\t\t<div class=\"elementor-element elementor-element-85d3432 elementor-widget elementor-widget-heading\" data-id=\"85d3432\" data-element_type=\"widget\" data-e-type=\"widget\" data-widget_type=\"heading.default\">\n\t\t\t\t<div class=\"elementor-widget-container\">\n\t\t\t\t\t<h2 class=\"elementor-heading-title elementor-size-default\">Misi\u00f3n<\/h2>\t\t\t\t<\/div>\n\t\t\t\t<\/div>\n\t\t\t\t<div class=\"elementor-element elementor-element-57464267 elementor-widget elementor-widget-text-editor\" data-id=\"57464267\" data-element_type=\"widget\" data-e-type=\"widget\" data-widget_type=\"text-editor.default\">\n\t\t\t\t<div class=\"elementor-widget-container\">\n\t\t\t\t\t\t\t\t\t<p>Ser un verdadero medio p\u00fablico, ciudadano, incluyente y plural con una programaci\u00f3n participativa que garantice el derecho a una libre expresi\u00f3n con los habitantes del Distrito Metropolitano de Quito y promueva una identidad y apropiaci\u00f3n de su ciudad en las diferentes propuestas de los ciudadanos.<\/p>\t\t\t\t\t\t\t\t<\/div>\n\t\t\t\t<\/div>\n\t\t\t\t\t<\/div>\n\t\t<\/div>\n\t\t\t\t\t<\/div>\n\t\t<\/section>\n\t\t\t\t<header class=\"elementor-section elementor-top-section elementor-element elementor-element-2211431e elementor-section-height-min-height elementor-section-items-stretch elementor-section-boxed elementor-section-height-default\" data-id=\"2211431e\" data-element_type=\"section\" data-e-type=\"section\" data-settings=\"{&quot;background_background&quot;:&quot;classic&quot;}\">\n\t\t\t\t\t\t\t<div class=\"elementor-background-overlay\"><\/div>\n\t\t\t\t\t\t\t<div class=\"elementor-container elementor-column-gap-default\">\n\t\t\t\t\t<div class=\"elementor-column elementor-col-50 elementor-top-column elementor-element elementor-element-60ade2ab\" data-id=\"60ade2ab\" data-element_type=\"column\" data-e-type=\"column\">\n\t\t\t<div class=\"elementor-widget-wrap\">\n\t\t\t\t\t\t\t<\/div>\n\t\t<\/div>\n\t\t\t\t<div class=\"elementor-column elementor-col-50 elementor-top-column elementor-element elementor-element-70cf941d\" data-id=\"70cf941d\" data-element_type=\"column\" data-e-type=\"column\" data-settings=\"{&quot;background_background&quot;:&quot;classic&quot;}\">\n\t\t\t<div class=\"elementor-widget-wrap elementor-element-populated\">\n\t\t\t\t\t\t<div class=\"elementor-element elementor-element-5b17a99b elementor-invisible elementor-widget elementor-widget-image\" data-id=\"5b17a99b\" data-element_type=\"widget\" data-e-type=\"widget\" data-settings=\"{&quot;_animation&quot;:&quot;fadeInLeft&quot;}\" data-widget_type=\"image.default\">\n\t\t\t\t<div class=\"elementor-widget-container\">\n\t\t\t\t\t\t\t\t\t\t\t\t\t\t\t<img decoding=\"async\" width=\"300\" height=\"51\" src=\"https:\/\/mqradio.quito.gob.ec\/wp-content\/uploads\/2025\/07\/border1.png\" class=\"attachment-large size-large wp-image-292\" alt=\"\" \/>\t\t\t\t\t\t\t\t\t\t\t\t\t\t\t<\/div>\n\t\t\t\t<\/div>\n\t\t\t\t<div class=\"elementor-element elementor-element-2a81afb7 elementor-widget elementor-widget-heading\" data-id=\"2a81afb7\" data-element_type=\"widget\" data-e-type=\"widget\" data-widget_type=\"heading.default\">\n\t\t\t\t<div class=\"elementor-widget-container\">\n\t\t\t\t\t<h2 class=\"elementor-heading-title elementor-size-default\">Visi\u00f3n<\/h2>\t\t\t\t<\/div>\n\t\t\t\t<\/div>\n\t\t\t\t<div class=\"elementor-element elementor-element-1f7999 elementor-widget elementor-widget-text-editor\" data-id=\"1f7999\" data-element_type=\"widget\" data-e-type=\"widget\" data-widget_type=\"text-editor.default\">\n\t\t\t\t<div class=\"elementor-widget-container\">\n\t\t\t\t\t\t\t\t\t<p style=\"text-align: left;\">Constituirnos en un medio de referencia responsable y comprometido como fuente informativa de la ciudad y el enlace entre la autoridad y la ciudadan\u00eda para fortalecer el desarrollo sostenible de esta ciudad frente a sus necesidades.<\/p>\t\t\t\t\t\t\t\t<\/div>\n\t\t\t\t<\/div>\n\t\t\t\t\t<\/div>\n\t\t<\/div>\n\t\t\t\t\t<\/div>\n\t\t<\/header>\n\t\t\t\t<section class=\"elementor-section elementor-top-section elementor-element elementor-element-75acc4f5 elementor-section-stretched elementor-section-boxed elementor-section-height-default elementor-section-height-default\" data-id=\"75acc4f5\" data-element_type=\"section\" data-e-type=\"section\" data-settings=\"{&quot;stretch_section&quot;:&quot;section-stretched&quot;,&quot;background_background&quot;:&quot;classic&quot;}\">\n\t\t\t\t\t\t\t<div class=\"elementor-background-overlay\"><\/div>\n\t\t\t\t\t\t\t<div class=\"elementor-container elementor-column-gap-default\">\n\t\t\t\t\t<div class=\"elementor-column elementor-col-100 elementor-top-column elementor-element elementor-element-3572841\" data-id=\"3572841\" data-element_type=\"column\" data-e-type=\"column\">\n\t\t\t<div class=\"elementor-widget-wrap elementor-element-populated\">\n\t\t\t\t\t\t<div class=\"elementor-element elementor-element-5cc98dee elementor-widget elementor-widget-heading\" data-id=\"5cc98dee\" data-element_type=\"widget\" data-e-type=\"widget\" data-widget_type=\"heading.default\">\n\t\t\t\t<div class=\"elementor-widget-container\">\n\t\t\t\t\t<h3 class=\"elementor-heading-title elementor-size-default\">OBJETIVOS<\/h3>\t\t\t\t<\/div>\n\t\t\t\t<\/div>\n\t\t\t\t<div class=\"elementor-element elementor-element-24bac688 elementor-widget__width-initial elementor-widget elementor-widget-text-editor\" data-id=\"24bac688\" data-element_type=\"widget\" data-e-type=\"widget\" data-widget_type=\"text-editor.default\">\n\t\t\t\t<div class=\"elementor-widget-container\">\n\t\t\t\t\t\t\t\t\t<p>&#8211; Brindar programas radiales con calidad, profesionalismo y talento, que motiven a los ciudadanos quite\u00f1os y no quite\u00f1os a sentir la ciudad como suya, generando un sentimiento de pertenencia de la misma.<\/p>\n<p>&#8211; Construir un proceso participativo de comunicaci\u00f3n con los quite\u00f1os y quite\u00f1as para la apropiaci\u00f3n de la identidad, pero tambi\u00e9n el compromiso como ciudadanos sobre los grandes temas del DMQ,<\/p>\n<p>&#8211; Establecer un modelo de radio donde el ciudadano interact\u00fae con el funcionario o la autoridad para juntos resolver las necesidades del barrio, la parroquia o escuchar las propuestas del ciudadano de a pie con los ejes transversales de la capital del Ecuador.<\/p>\n<p>&#8211; Difundir productos comunicacionales informativos y educativos sobre movilidad, ambiente, basura, responsabilidad social, respeto y compromiso a la ciudad.<\/p>\t\t\t\t\t\t\t\t<\/div>\n\t\t\t\t<\/div>\n\t\t\t\t\t<\/div>\n\t\t<\/div>\n\t\t\t\t\t<\/div>\n\t\t<\/section>\n\t\t\t\t<\/div>\n\t\t","protected":false},"excerpt":{"rendered":"<p>Nosotros Misi\u00f3n Ser un verdadero medio p\u00fablico, ciudadano, incluyente y plural con una programaci\u00f3n participativa que garantice el derecho a una libre expresi\u00f3n con los habitantes del Distrito Metropolitano de Quito y promueva una identidad y apropiaci\u00f3n de su ciudad en las diferentes propuestas de los ciudadanos. Visi\u00f3n Constituirnos en un medio de referencia responsable [&hellip;]<\/p>\n","protected":false},"author":3,"featured_media":0,"parent":0,"menu_order":0,"comment_status":"closed","ping_status":"closed","template":"","meta":{"footnotes":""},"class_list":["post-289","page","type-page","status-publish","hentry"],"yoast_head":"<!-- This site is optimized with the Yoast SEO plugin v27.2 - https:\/\/yoast.com\/product\/yoast-seo-wordpress\/ -->\n<title>Nosotros - MQRadio 102.9 FM<\/title>\n<meta name=\"robots\" content=\"index, follow, max-snippet:-1, max-image-preview:large, max-video-preview:-1\" \/>\n<link rel=\"canonical\" href=\"https:\/\/mqradio.quito.gob.ec\/?page_id=289\" \/>\n<meta property=\"og:locale\" content=\"es_ES\" \/>\n<meta property=\"og:type\" content=\"article\" \/>\n<meta property=\"og:title\" content=\"Nosotros - MQRadio 102.9 FM\" \/>\n<meta property=\"og:description\" content=\"Nosotros Misi\u00f3n Ser un verdadero medio p\u00fablico, ciudadano, incluyente y plural con una programaci\u00f3n participativa que garantice el derecho a una libre expresi\u00f3n con los habitantes del Distrito Metropolitano de Quito y promueva una identidad y apropiaci\u00f3n de su ciudad en las diferentes propuestas de los ciudadanos. Visi\u00f3n Constituirnos en un medio de referencia responsable [&hellip;]\" \/>\n<meta property=\"og:url\" content=\"https:\/\/mqradio.quito.gob.ec\/?page_id=289\" \/>\n<meta property=\"og:site_name\" content=\"MQRadio 102.9 FM\" \/>\n<meta property=\"article:modified_time\" content=\"2025-07-10T18:13:01+00:00\" \/>\n<meta property=\"og:image\" content=\"https:\/\/mqradio.quito.gob.ec\/wp-content\/uploads\/2025\/07\/detail4.png\" \/>\n<meta name=\"twitter:card\" content=\"summary_large_image\" \/>\n<meta name=\"twitter:label1\" content=\"Tiempo de lectura\" \/>\n\t<meta name=\"twitter:data1\" content=\"1 minuto\" \/>\n<script type=\"application\/ld+json\" class=\"yoast-schema-graph\">{\"@context\":\"https:\/\/schema.org\",\"@graph\":[{\"@type\":\"WebPage\",\"@id\":\"https:\/\/mqradio.quito.gob.ec\/?page_id=289\",\"url\":\"https:\/\/mqradio.quito.gob.ec\/?page_id=289\",\"name\":\"Nosotros - MQRadio 102.9 FM\",\"isPartOf\":{\"@id\":\"https:\/\/172.30.9.18\/#website\"},\"primaryImageOfPage\":{\"@id\":\"https:\/\/mqradio.quito.gob.ec\/?page_id=289#primaryimage\"},\"image\":{\"@id\":\"https:\/\/mqradio.quito.gob.ec\/?page_id=289#primaryimage\"},\"thumbnailUrl\":\"https:\/\/mqradio.quito.gob.ec\/wp-content\/uploads\/2025\/07\/detail4.png\",\"datePublished\":\"2025-07-10T18:06:05+00:00\",\"dateModified\":\"2025-07-10T18:13:01+00:00\",\"breadcrumb\":{\"@id\":\"https:\/\/mqradio.quito.gob.ec\/?page_id=289#breadcrumb\"},\"inLanguage\":\"es\",\"potentialAction\":[{\"@type\":\"ReadAction\",\"target\":[\"https:\/\/mqradio.quito.gob.ec\/?page_id=289\"]}]},{\"@type\":\"ImageObject\",\"inLanguage\":\"es\",\"@id\":\"https:\/\/mqradio.quito.gob.ec\/?page_id=289#primaryimage\",\"url\":\"https:\/\/mqradio.quito.gob.ec\/wp-content\/uploads\/2025\/07\/detail4.png\",\"contentUrl\":\"https:\/\/mqradio.quito.gob.ec\/wp-content\/uploads\/2025\/07\/detail4.png\",\"width\":53,\"height\":55},{\"@type\":\"BreadcrumbList\",\"@id\":\"https:\/\/mqradio.quito.gob.ec\/?page_id=289#breadcrumb\",\"itemListElement\":[{\"@type\":\"ListItem\",\"position\":1,\"name\":\"Portada\",\"item\":\"https:\/\/172.30.9.18\/\"},{\"@type\":\"ListItem\",\"position\":2,\"name\":\"Nosotros\"}]},{\"@type\":\"WebSite\",\"@id\":\"https:\/\/172.30.9.18\/#website\",\"url\":\"https:\/\/172.30.9.18\/\",\"name\":\"MQ Radio 102.9 FM\",\"description\":\"La Radio De Quito\",\"publisher\":{\"@id\":\"https:\/\/172.30.9.18\/#organization\"},\"potentialAction\":[{\"@type\":\"SearchAction\",\"target\":{\"@type\":\"EntryPoint\",\"urlTemplate\":\"https:\/\/172.30.9.18\/?s={search_term_string}\"},\"query-input\":{\"@type\":\"PropertyValueSpecification\",\"valueRequired\":true,\"valueName\":\"search_term_string\"}}],\"inLanguage\":\"es\"},{\"@type\":\"Organization\",\"@id\":\"https:\/\/172.30.9.18\/#organization\",\"name\":\"MQ Radio 102.9 FM\",\"url\":\"https:\/\/172.30.9.18\/\",\"logo\":{\"@type\":\"ImageObject\",\"inLanguage\":\"es\",\"@id\":\"https:\/\/172.30.9.18\/#\/schema\/logo\/image\/\",\"url\":\"https:\/\/mqradio.quito.gob.ec\/wp-content\/uploads\/2025\/07\/logo-trans.png\",\"contentUrl\":\"https:\/\/mqradio.quito.gob.ec\/wp-content\/uploads\/2025\/07\/logo-trans.png\",\"width\":400,\"height\":400,\"caption\":\"MQ Radio 102.9 FM\"},\"image\":{\"@id\":\"https:\/\/172.30.9.18\/#\/schema\/logo\/image\/\"}}]}<\/script>\n<!-- \/ Yoast SEO plugin. -->","yoast_head_json":{"title":"Nosotros - MQRadio 102.9 FM","robots":{"index":"index","follow":"follow","max-snippet":"max-snippet:-1","max-image-preview":"max-image-preview:large","max-video-preview":"max-video-preview:-1"},"canonical":"https:\/\/mqradio.quito.gob.ec\/?page_id=289","og_locale":"es_ES","og_type":"article","og_title":"Nosotros - MQRadio 102.9 FM","og_description":"Nosotros Misi\u00f3n Ser un verdadero medio p\u00fablico, ciudadano, incluyente y plural con una programaci\u00f3n participativa que garantice el derecho a una libre expresi\u00f3n con los habitantes del Distrito Metropolitano de Quito y promueva una identidad y apropiaci\u00f3n de su ciudad en las diferentes propuestas de los ciudadanos. Visi\u00f3n Constituirnos en un medio de referencia responsable [&hellip;]","og_url":"https:\/\/mqradio.quito.gob.ec\/?page_id=289","og_site_name":"MQRadio 102.9 FM","article_modified_time":"2025-07-10T18:13:01+00:00","og_image":[{"url":"https:\/\/mqradio.quito.gob.ec\/wp-content\/uploads\/2025\/07\/detail4.png","type":"","width":"","height":""}],"twitter_card":"summary_large_image","twitter_misc":{"Tiempo de lectura":"1 minuto"},"schema":{"@context":"https:\/\/schema.org","@graph":[{"@type":"WebPage","@id":"https:\/\/mqradio.quito.gob.ec\/?page_id=289","url":"https:\/\/mqradio.quito.gob.ec\/?page_id=289","name":"Nosotros - MQRadio 102.9 FM","isPartOf":{"@id":"https:\/\/172.30.9.18\/#website"},"primaryImageOfPage":{"@id":"https:\/\/mqradio.quito.gob.ec\/?page_id=289#primaryimage"},"image":{"@id":"https:\/\/mqradio.quito.gob.ec\/?page_id=289#primaryimage"},"thumbnailUrl":"https:\/\/mqradio.quito.gob.ec\/wp-content\/uploads\/2025\/07\/detail4.png","datePublished":"2025-07-10T18:06:05+00:00","dateModified":"2025-07-10T18:13:01+00:00","breadcrumb":{"@id":"https:\/\/mqradio.quito.gob.ec\/?page_id=289#breadcrumb"},"inLanguage":"es","potentialAction":[{"@type":"ReadAction","target":["https:\/\/mqradio.quito.gob.ec\/?page_id=289"]}]},{"@type":"ImageObject","inLanguage":"es","@id":"https:\/\/mqradio.quito.gob.ec\/?page_id=289#primaryimage","url":"https:\/\/mqradio.quito.gob.ec\/wp-content\/uploads\/2025\/07\/detail4.png","contentUrl":"https:\/\/mqradio.quito.gob.ec\/wp-content\/uploads\/2025\/07\/detail4.png","width":53,"height":55},{"@type":"BreadcrumbList","@id":"https:\/\/mqradio.quito.gob.ec\/?page_id=289#breadcrumb","itemListElement":[{"@type":"ListItem","position":1,"name":"Portada","item":"https:\/\/172.30.9.18\/"},{"@type":"ListItem","position":2,"name":"Nosotros"}]},{"@type":"WebSite","@id":"https:\/\/172.30.9.18\/#website","url":"https:\/\/172.30.9.18\/","name":"MQ Radio 102.9 FM","description":"La Radio De Quito","publisher":{"@id":"https:\/\/172.30.9.18\/#organization"},"potentialAction":[{"@type":"SearchAction","target":{"@type":"EntryPoint","urlTemplate":"https:\/\/172.30.9.18\/?s={search_term_string}"},"query-input":{"@type":"PropertyValueSpecification","valueRequired":true,"valueName":"search_term_string"}}],"inLanguage":"es"},{"@type":"Organization","@id":"https:\/\/172.30.9.18\/#organization","name":"MQ Radio 102.9 FM","url":"https:\/\/172.30.9.18\/","logo":{"@type":"ImageObject","inLanguage":"es","@id":"https:\/\/172.30.9.18\/#\/schema\/logo\/image\/","url":"https:\/\/mqradio.quito.gob.ec\/wp-content\/uploads\/2025\/07\/logo-trans.png","contentUrl":"https:\/\/mqradio.quito.gob.ec\/wp-content\/uploads\/2025\/07\/logo-trans.png","width":400,"height":400,"caption":"MQ Radio 102.9 FM"},"image":{"@id":"https:\/\/172.30.9.18\/#\/schema\/logo\/image\/"}}]}},"_links":{"self":[{"href":"https:\/\/mqradio.quito.gob.ec\/index.php?rest_route=\/wp\/v2\/pages\/289","targetHints":{"allow":["GET"]}}],"collection":[{"href":"https:\/\/mqradio.quito.gob.ec\/index.php?rest_route=\/wp\/v2\/pages"}],"about":[{"href":"https:\/\/mqradio.quito.gob.ec\/index.php?rest_route=\/wp\/v2\/types\/page"}],"author":[{"embeddable":true,"href":"https:\/\/mqradio.quito.gob.ec\/index.php?rest_route=\/wp\/v2\/users\/3"}],"replies":[{"embeddable":true,"href":"https:\/\/mqradio.quito.gob.ec\/index.php?rest_route=%2Fwp%2Fv2%2Fcomments&post=289"}],"version-history":[{"count":3,"href":"https:\/\/mqradio.quito.gob.ec\/index.php?rest_route=\/wp\/v2\/pages\/289\/revisions"}],"predecessor-version":[{"id":303,"href":"https:\/\/mqradio.quito.gob.ec\/index.php?rest_route=\/wp\/v2\/pages\/289\/revisions\/303"}],"wp:attachment":[{"href":"https:\/\/mqradio.quito.gob.ec\/index.php?rest_route=%2Fwp%2Fv2%2Fmedia&parent=289"}],"curies":[{"name":"wp","href":"https:\/\/api.w.org\/{rel}","templated":true}]}}