{"id":868,"date":"2026-03-14T16:13:29","date_gmt":"2026-03-14T21:13:29","guid":{"rendered":"https:\/\/mqradio.quito.gob.ec\/?page_id=868"},"modified":"2026-03-14T16:37:23","modified_gmt":"2026-03-14T21:37:23","slug":"programacion","status":"publish","type":"page","link":"https:\/\/mqradio.quito.gob.ec\/?page_id=868","title":{"rendered":"Programaci\u00f3n"},"content":{"rendered":"\t\t<div data-elementor-type=\"wp-page\" data-elementor-id=\"868\" class=\"elementor elementor-868\" data-elementor-post-type=\"page\">\n\t\t\t\t\t\t<header class=\"elementor-section elementor-top-section elementor-element elementor-element-4fa627ff elementor-section-height-min-height elementor-section-items-stretch elementor-section-content-middle elementor-section-boxed elementor-section-height-default\" data-id=\"4fa627ff\" data-element_type=\"section\" data-e-type=\"section\" data-settings=\"{&quot;background_background&quot;:&quot;classic&quot;}\">\n\t\t\t\t\t\t\t<div class=\"elementor-background-overlay\"><\/div>\n\t\t\t\t\t\t\t<div class=\"elementor-container elementor-column-gap-default\">\n\t\t\t\t\t<div class=\"elementor-column elementor-col-100 elementor-top-column elementor-element elementor-element-6fdd4c8f\" data-id=\"6fdd4c8f\" data-element_type=\"column\" data-e-type=\"column\" data-settings=\"{&quot;background_background&quot;:&quot;gradient&quot;}\">\n\t\t\t<div class=\"elementor-widget-wrap elementor-element-populated\">\n\t\t\t\t\t\t<div class=\"elementor-element elementor-element-315c2b18 elementor-widget__width-auto elementor-widget elementor-widget-heading\" data-id=\"315c2b18\" data-element_type=\"widget\" data-e-type=\"widget\" data-widget_type=\"heading.default\">\n\t\t\t\t<div class=\"elementor-widget-container\">\n\t\t\t\t\t<h1 class=\"elementor-heading-title elementor-size-default\">Programaci\u00f3n<\/h1>\t\t\t\t<\/div>\n\t\t\t\t<\/div>\n\t\t\t\t<div class=\"elementor-element elementor-element-23b0b5fb elementor-widget elementor-widget-image\" data-id=\"23b0b5fb\" data-element_type=\"widget\" data-e-type=\"widget\" data-widget_type=\"image.default\">\n\t\t\t\t<div class=\"elementor-widget-container\">\n\t\t\t\t\t\t\t\t\t\t\t\t\t\t\t<img decoding=\"async\" width=\"53\" height=\"55\" src=\"https:\/\/mqradio.quito.gob.ec\/wp-content\/uploads\/2025\/07\/detail4.png\" class=\"attachment-large size-large wp-image-251\" alt=\"\" \/>\t\t\t\t\t\t\t\t\t\t\t\t\t\t\t<\/div>\n\t\t\t\t<\/div>\n\t\t\t\t\t<\/div>\n\t\t<\/div>\n\t\t\t\t\t<\/div>\n\t\t<\/header>\n\t\t\t\t<section class=\"elementor-section elementor-top-section elementor-element elementor-element-3f2ba212 elementor-section-stretched elementor-section-boxed elementor-section-height-default elementor-section-height-default\" data-id=\"3f2ba212\" data-element_type=\"section\" data-e-type=\"section\" data-settings=\"{&quot;stretch_section&quot;:&quot;section-stretched&quot;,&quot;background_background&quot;:&quot;classic&quot;}\">\n\t\t\t\t\t\t<div class=\"elementor-container elementor-column-gap-default\">\n\t\t\t\t\t<div class=\"elementor-column elementor-col-100 elementor-top-column elementor-element elementor-element-2ad8b308\" data-id=\"2ad8b308\" data-element_type=\"column\" data-e-type=\"column\" data-settings=\"{&quot;background_background&quot;:&quot;classic&quot;}\">\n\t\t\t<div class=\"elementor-widget-wrap elementor-element-populated\">\n\t\t\t\t\t\t<div class=\"elementor-element elementor-element-1843ad97 elementor-widget-divider--view-line elementor-widget elementor-widget-divider\" data-id=\"1843ad97\" data-element_type=\"widget\" data-e-type=\"widget\" data-widget_type=\"divider.default\">\n\t\t\t\t<div class=\"elementor-widget-container\">\n\t\t\t\t\t\t\t<div class=\"elementor-divider\">\n\t\t\t<span class=\"elementor-divider-separator\">\n\t\t\t\t\t\t<\/span>\n\t\t<\/div>\n\t\t\t\t\t\t<\/div>\n\t\t\t\t<\/div>\n\t\t\t\t<section class=\"elementor-section elementor-inner-section elementor-element elementor-element-5975638 elementor-section-boxed elementor-section-height-default elementor-section-height-default elementor-invisible\" data-id=\"5975638\" data-element_type=\"section\" data-e-type=\"section\" data-settings=\"{&quot;animation&quot;:&quot;fadeIn&quot;}\">\n\t\t\t\t\t\t<div class=\"elementor-container elementor-column-gap-default\">\n\t\t\t\t\t<div class=\"elementor-column elementor-col-50 elementor-inner-column elementor-element elementor-element-71f09155\" data-id=\"71f09155\" data-element_type=\"column\" data-e-type=\"column\" data-settings=\"{&quot;background_background&quot;:&quot;classic&quot;}\">\n\t\t\t<div class=\"elementor-widget-wrap elementor-element-populated\">\n\t\t\t\t\t\t<div class=\"elementor-element elementor-element-5d9672e0 elementor-position-right elementor-vertical-align-middle elementor-widget elementor-widget-image-box\" data-id=\"5d9672e0\" data-element_type=\"widget\" data-e-type=\"widget\" data-widget_type=\"image-box.default\">\n\t\t\t\t<div class=\"elementor-widget-container\">\n\t\t\t\t\t<div class=\"elementor-image-box-wrapper\"><figure class=\"elementor-image-box-img\"><img decoding=\"async\" src=\"https:\/\/mqradio.quito.gob.ec\/wp-content\/uploads\/elementor\/thumbs\/341A0388-scaled-rkifqvbmznrobuxw6llr46h6aubsj7f296y56x08f4.jpg\" title=\"341A0388\" alt=\"341A0388\" loading=\"lazy\" \/><\/figure><div class=\"elementor-image-box-content\"><h3 class=\"elementor-image-box-title\">Buenos d\u00edas Quito<\/h3><p class=\"elementor-image-box-description\">Lunes a viernes de 06h00 a 07h00<\/p><\/div><\/div>\t\t\t\t<\/div>\n\t\t\t\t<\/div>\n\t\t\t\t\t<\/div>\n\t\t<\/div>\n\t\t\t\t<div class=\"elementor-column elementor-col-50 elementor-inner-column elementor-element elementor-element-14872aa6\" data-id=\"14872aa6\" data-element_type=\"column\" data-e-type=\"column\">\n\t\t\t<div class=\"elementor-widget-wrap elementor-element-populated\">\n\t\t\t\t\t\t<div class=\"elementor-element elementor-element-4ef8d858 elementor-position-left elementor-vertical-align-middle elementor-widget elementor-widget-image-box\" data-id=\"4ef8d858\" data-element_type=\"widget\" data-e-type=\"widget\" data-widget_type=\"image-box.default\">\n\t\t\t\t<div class=\"elementor-widget-container\">\n\t\t\t\t\t<div class=\"elementor-image-box-wrapper\"><figure class=\"elementor-image-box-img\"><img decoding=\"async\" src=\"https:\/\/mqradio.quito.gob.ec\/wp-content\/uploads\/elementor\/thumbs\/312A9578-1-scaled-r8k9f9qfrpw6p5u2zvfc0a3vwebo9aw4qrumqj2y00.jpg\" title=\"312A9578 (1)\" alt=\"312A9578 (1)\" loading=\"lazy\" \/><\/figure><div class=\"elementor-image-box-content\"><h3 class=\"elementor-image-box-title\">MQ Noticias<\/h3><p class=\"elementor-image-box-description\">Lunes a viernes\n07h00 a 08h00<br>12h00 a 13h00<br>17h00 a 18h00<\/p><\/div><\/div>\t\t\t\t<\/div>\n\t\t\t\t<\/div>\n\t\t\t\t\t<\/div>\n\t\t<\/div>\n\t\t\t\t\t<\/div>\n\t\t<\/section>\n\t\t\t\t<section class=\"elementor-section elementor-inner-section elementor-element elementor-element-353c6efe elementor-section-boxed elementor-section-height-default elementor-section-height-default elementor-invisible\" data-id=\"353c6efe\" data-element_type=\"section\" data-e-type=\"section\" data-settings=\"{&quot;animation&quot;:&quot;fadeIn&quot;}\">\n\t\t\t\t\t\t<div class=\"elementor-container elementor-column-gap-default\">\n\t\t\t\t\t<div class=\"elementor-column elementor-col-50 elementor-inner-column elementor-element elementor-element-673f7e06\" data-id=\"673f7e06\" data-element_type=\"column\" data-e-type=\"column\">\n\t\t\t<div class=\"elementor-widget-wrap elementor-element-populated\">\n\t\t\t\t\t\t<div class=\"elementor-element elementor-element-25cf9f2e elementor-position-right elementor-vertical-align-middle elementor-widget elementor-widget-image-box\" data-id=\"25cf9f2e\" data-element_type=\"widget\" data-e-type=\"widget\" data-widget_type=\"image-box.default\">\n\t\t\t\t<div class=\"elementor-widget-container\">\n\t\t\t\t\t<div class=\"elementor-image-box-wrapper\"><figure class=\"elementor-image-box-img\"><img decoding=\"async\" src=\"https:\/\/mqradio.quito.gob.ec\/wp-content\/uploads\/elementor\/thumbs\/341A9555-scaled-rkii69dge5edqq02vvi2fmkyjhlb65cnxqgag1fjxc.jpg\" title=\"341A9555\" alt=\"341A9555\" loading=\"lazy\" \/><\/figure><div class=\"elementor-image-box-content\"><h3 class=\"elementor-image-box-title\">Usted tiene la palabra<\/h3><p class=\"elementor-image-box-description\">Lunes a viernes de 08h00 a 09h00<\/p><\/div><\/div>\t\t\t\t<\/div>\n\t\t\t\t<\/div>\n\t\t\t\t\t<\/div>\n\t\t<\/div>\n\t\t\t\t<div class=\"elementor-column elementor-col-50 elementor-inner-column elementor-element elementor-element-59be4290\" data-id=\"59be4290\" data-element_type=\"column\" data-e-type=\"column\" data-settings=\"{&quot;background_background&quot;:&quot;classic&quot;}\">\n\t\t\t<div class=\"elementor-widget-wrap elementor-element-populated\">\n\t\t\t\t\t\t<div class=\"elementor-element elementor-element-1f5516bb elementor-position-left elementor-vertical-align-middle elementor-widget elementor-widget-image-box\" data-id=\"1f5516bb\" data-element_type=\"widget\" data-e-type=\"widget\" data-widget_type=\"image-box.default\">\n\t\t\t\t<div class=\"elementor-widget-container\">\n\t\t\t\t\t<div class=\"elementor-image-box-wrapper\"><figure class=\"elementor-image-box-img\"><img decoding=\"async\" src=\"https:\/\/mqradio.quito.gob.ec\/wp-content\/uploads\/elementor\/thumbs\/341A9970-scaled-rki8uwie22bjj54l4wxuu94kqiiwxq08hvbui2o3vk.jpg\" title=\"341A9970\" alt=\"341A9970\" loading=\"lazy\" \/><\/figure><div class=\"elementor-image-box-content\"><h3 class=\"elementor-image-box-title\">Las ma\u00f1anas en el distrito<\/h3><p class=\"elementor-image-box-description\">Lunes a viernes 09h00 a 10h00<\/p><\/div><\/div>\t\t\t\t<\/div>\n\t\t\t\t<\/div>\n\t\t\t\t\t<\/div>\n\t\t<\/div>\n\t\t\t\t\t<\/div>\n\t\t<\/section>\n\t\t\t\t<section class=\"elementor-section elementor-inner-section elementor-element elementor-element-89b4bce elementor-section-boxed elementor-section-height-default elementor-section-height-default elementor-invisible\" data-id=\"89b4bce\" data-element_type=\"section\" data-e-type=\"section\" data-settings=\"{&quot;animation&quot;:&quot;fadeIn&quot;}\">\n\t\t\t\t\t\t<div class=\"elementor-container elementor-column-gap-default\">\n\t\t\t\t\t<div class=\"elementor-column elementor-col-50 elementor-inner-column elementor-element elementor-element-6ce0b5e\" data-id=\"6ce0b5e\" data-element_type=\"column\" data-e-type=\"column\" data-settings=\"{&quot;background_background&quot;:&quot;classic&quot;}\">\n\t\t\t<div class=\"elementor-widget-wrap elementor-element-populated\">\n\t\t\t\t\t\t<div class=\"elementor-element elementor-element-8d611d2 elementor-position-right elementor-vertical-align-middle elementor-widget elementor-widget-image-box\" data-id=\"8d611d2\" data-element_type=\"widget\" data-e-type=\"widget\" data-widget_type=\"image-box.default\">\n\t\t\t\t<div class=\"elementor-widget-container\">\n\t\t\t\t\t<div class=\"elementor-image-box-wrapper\"><figure class=\"elementor-image-box-img\"><img decoding=\"async\" src=\"https:\/\/mqradio.quito.gob.ec\/wp-content\/uploads\/elementor\/thumbs\/Diseno-sin-titulo-1-renggkf1ryapebpn3ui6kd4bf5hjei2hquhc1qubhc.png\" title=\"Dise\u00f1o sin t\u00edtulo (1)\" alt=\"Dise\u00f1o sin t\u00edtulo (1)\" loading=\"lazy\" \/><\/figure><div class=\"elementor-image-box-content\"><h3 class=\"elementor-image-box-title\">Rostros de Quito<\/h3><p class=\"elementor-image-box-description\">Lunes a viernes de 13h00 a 14h00<\/p><\/div><\/div>\t\t\t\t<\/div>\n\t\t\t\t<\/div>\n\t\t\t\t\t<\/div>\n\t\t<\/div>\n\t\t\t\t<div class=\"elementor-column elementor-col-50 elementor-inner-column elementor-element elementor-element-7ae5f38\" data-id=\"7ae5f38\" data-element_type=\"column\" data-e-type=\"column\">\n\t\t\t<div class=\"elementor-widget-wrap elementor-element-populated\">\n\t\t\t\t\t\t<div class=\"elementor-element elementor-element-1d3a346 elementor-position-left elementor-vertical-align-middle elementor-widget elementor-widget-image-box\" data-id=\"1d3a346\" data-element_type=\"widget\" data-e-type=\"widget\" data-widget_type=\"image-box.default\">\n\t\t\t\t<div class=\"elementor-widget-container\">\n\t\t\t\t\t<div class=\"elementor-image-box-wrapper\"><figure class=\"elementor-image-box-img\"><img decoding=\"async\" src=\"https:\/\/mqradio.quito.gob.ec\/wp-content\/uploads\/elementor\/thumbs\/341A0049-scaled-rkii3ex1p7i4l84wi57qdufpshmav51x7ncd4vngrk.jpg\" title=\"341A0049\" alt=\"341A0049\" loading=\"lazy\" \/><\/figure><div class=\"elementor-image-box-content\"><h3 class=\"elementor-image-box-title\">La Sobremesa<\/h3><p class=\"elementor-image-box-description\">Martes a viernes de 14h00 a 13h00<\/p><\/div><\/div>\t\t\t\t<\/div>\n\t\t\t\t<\/div>\n\t\t\t\t\t<\/div>\n\t\t<\/div>\n\t\t\t\t\t<\/div>\n\t\t<\/section>\n\t\t\t\t<section class=\"elementor-section elementor-inner-section elementor-element elementor-element-7baee99 elementor-section-boxed elementor-section-height-default elementor-section-height-default elementor-invisible\" data-id=\"7baee99\" data-element_type=\"section\" data-e-type=\"section\" data-settings=\"{&quot;animation&quot;:&quot;fadeIn&quot;}\">\n\t\t\t\t\t\t<div class=\"elementor-container elementor-column-gap-default\">\n\t\t\t\t\t<div class=\"elementor-column elementor-col-50 elementor-inner-column elementor-element elementor-element-db1475b\" data-id=\"db1475b\" data-element_type=\"column\" data-e-type=\"column\" data-settings=\"{&quot;background_background&quot;:&quot;classic&quot;}\">\n\t\t\t<div class=\"elementor-widget-wrap elementor-element-populated\">\n\t\t\t\t\t\t<div class=\"elementor-element elementor-element-a6f1d25 elementor-position-right elementor-vertical-align-middle elementor-widget elementor-widget-image-box\" data-id=\"a6f1d25\" data-element_type=\"widget\" data-e-type=\"widget\" data-widget_type=\"image-box.default\">\n\t\t\t\t<div class=\"elementor-widget-container\">\n\t\t\t\t\t<div class=\"elementor-image-box-wrapper\"><figure class=\"elementor-image-box-img\"><img decoding=\"async\" src=\"https:\/\/mqradio.quito.gob.ec\/wp-content\/uploads\/elementor\/thumbs\/341A0285-scaled-rkif15glzuk8nyarcze8e6456b38xcbgdwcvhd50o0.jpg\" title=\"341A0285\" alt=\"341A0285\" loading=\"lazy\" \/><\/figure><div class=\"elementor-image-box-content\"><h3 class=\"elementor-image-box-title\">Mujeres al aire<\/h3><p class=\"elementor-image-box-description\">Lunes a viernes de 15h00 a 17h00<\/p><\/div><\/div>\t\t\t\t<\/div>\n\t\t\t\t<\/div>\n\t\t\t\t\t<\/div>\n\t\t<\/div>\n\t\t\t\t<div class=\"elementor-column elementor-col-50 elementor-inner-column elementor-element elementor-element-dab3461\" data-id=\"dab3461\" data-element_type=\"column\" data-e-type=\"column\">\n\t\t\t<div class=\"elementor-widget-wrap elementor-element-populated\">\n\t\t\t\t\t\t<div class=\"elementor-element elementor-element-bdcaf2e elementor-position-left elementor-vertical-align-middle elementor-widget elementor-widget-image-box\" data-id=\"bdcaf2e\" data-element_type=\"widget\" data-e-type=\"widget\" data-widget_type=\"image-box.default\">\n\t\t\t\t<div class=\"elementor-widget-container\">\n\t\t\t\t\t<div class=\"elementor-image-box-wrapper\"><figure class=\"elementor-image-box-img\"><img decoding=\"async\" src=\"https:\/\/mqradio.quito.gob.ec\/wp-content\/uploads\/elementor\/thumbs\/341A0305-scaled-rki8vteqp9kkthssst5sritpj00rf4muae5uarbbts.jpg\" title=\"341A0305\" alt=\"341A0305\" loading=\"lazy\" \/><\/figure><div class=\"elementor-image-box-content\"><h3 class=\"elementor-image-box-title\">Los tiempos de antes<\/h3><p class=\"elementor-image-box-description\">Lunes a viernes de 18h00 a 20h00<\/p><\/div><\/div>\t\t\t\t<\/div>\n\t\t\t\t<\/div>\n\t\t\t\t\t<\/div>\n\t\t<\/div>\n\t\t\t\t\t<\/div>\n\t\t<\/section>\n\t\t\t\t\t<\/div>\n\t\t<\/div>\n\t\t\t\t\t<\/div>\n\t\t<\/section>\n\t\t\t\t<section class=\"elementor-section elementor-top-section elementor-element elementor-element-6d98e99a elementor-section-boxed elementor-section-height-default elementor-section-height-default\" data-id=\"6d98e99a\" data-element_type=\"section\" data-e-type=\"section\" data-settings=\"{&quot;background_background&quot;:&quot;classic&quot;}\">\n\t\t\t\t\t\t<div class=\"elementor-container elementor-column-gap-default\">\n\t\t\t\t\t<div class=\"elementor-column elementor-col-50 elementor-top-column elementor-element elementor-element-68c61d77\" data-id=\"68c61d77\" data-element_type=\"column\" data-e-type=\"column\">\n\t\t\t<div class=\"elementor-widget-wrap\">\n\t\t\t\t\t\t\t<\/div>\n\t\t<\/div>\n\t\t\t\t<div class=\"elementor-column elementor-col-50 elementor-top-column elementor-element elementor-element-1827360a\" data-id=\"1827360a\" data-element_type=\"column\" data-e-type=\"column\" data-settings=\"{&quot;background_background&quot;:&quot;classic&quot;}\">\n\t\t\t<div class=\"elementor-widget-wrap elementor-element-populated\">\n\t\t\t\t\t\t<div class=\"elementor-element elementor-element-797e069b elementor-widget elementor-widget-heading\" data-id=\"797e069b\" data-element_type=\"widget\" data-e-type=\"widget\" data-widget_type=\"heading.default\">\n\t\t\t\t<div class=\"elementor-widget-container\">\n\t\t\t\t\t<h2 class=\"elementor-heading-title elementor-size-default\">Descarga la parrilla completa aqu\u00ed<\/h2>\t\t\t\t<\/div>\n\t\t\t\t<\/div>\n\t\t\t\t<div class=\"elementor-element elementor-element-2939004d elementor-widget-divider--view-line elementor-widget elementor-widget-divider\" data-id=\"2939004d\" data-element_type=\"widget\" data-e-type=\"widget\" data-widget_type=\"divider.default\">\n\t\t\t\t<div class=\"elementor-widget-container\">\n\t\t\t\t\t\t\t<div class=\"elementor-divider\">\n\t\t\t<span class=\"elementor-divider-separator\">\n\t\t\t\t\t\t<\/span>\n\t\t<\/div>\n\t\t\t\t\t\t<\/div>\n\t\t\t\t<\/div>\n\t\t\t\t<div class=\"elementor-element elementor-element-6edac27f elementor-align-right elementor-mobile-align-justify elementor-widget elementor-widget-button\" data-id=\"6edac27f\" data-element_type=\"widget\" data-e-type=\"widget\" data-widget_type=\"button.default\">\n\t\t\t\t<div class=\"elementor-widget-container\">\n\t\t\t\t\t\t\t\t\t<div class=\"elementor-button-wrapper\">\n\t\t\t\t\t<a class=\"elementor-button elementor-button-link elementor-size-md elementor-animation-float\" href=\"#\">\n\t\t\t\t\t\t<span class=\"elementor-button-content-wrapper\">\n\t\t\t\t\t\t\t\t\t<span class=\"elementor-button-text\">clicl aqu\u00ed<\/span>\n\t\t\t\t\t<\/span>\n\t\t\t\t\t<\/a>\n\t\t\t\t<\/div>\n\t\t\t\t\t\t\t\t<\/div>\n\t\t\t\t<\/div>\n\t\t\t\t\t<\/div>\n\t\t<\/div>\n\t\t\t\t\t<\/div>\n\t\t<\/section>\n\t\t\t\t<\/div>\n\t\t","protected":false},"excerpt":{"rendered":"<p>Programaci\u00f3n Buenos d\u00edas Quito Lunes a viernes de 06h00 a 07h00 MQ Noticias Lunes a viernes 07h00 a 08h0012h00 a 13h0017h00 a 18h00 Usted tiene la palabra Lunes a viernes de 08h00 a 09h00 Las ma\u00f1anas en el distrito Lunes a viernes 09h00 a 10h00 Rostros de Quito Lunes a viernes de 13h00 a 14h00 [&hellip;]<\/p>\n","protected":false},"author":3,"featured_media":0,"parent":0,"menu_order":0,"comment_status":"closed","ping_status":"closed","template":"","meta":{"footnotes":""},"class_list":["post-868","page","type-page","status-publish","hentry"],"yoast_head":"<!-- This site is optimized with the Yoast SEO plugin v27.2 - https:\/\/yoast.com\/product\/yoast-seo-wordpress\/ -->\n<title>Programaci\u00f3n - MQRadio 102.9 FM<\/title>\n<meta name=\"robots\" content=\"index, follow, max-snippet:-1, max-image-preview:large, max-video-preview:-1\" \/>\n<link rel=\"canonical\" href=\"https:\/\/mqradio.quito.gob.ec\/?page_id=868\" \/>\n<meta property=\"og:locale\" content=\"es_ES\" \/>\n<meta property=\"og:type\" content=\"article\" \/>\n<meta property=\"og:title\" content=\"Programaci\u00f3n - MQRadio 102.9 FM\" \/>\n<meta property=\"og:description\" content=\"Programaci\u00f3n Buenos d\u00edas Quito Lunes a viernes de 06h00 a 07h00 MQ Noticias Lunes a viernes 07h00 a 08h0012h00 a 13h0017h00 a 18h00 Usted tiene la palabra Lunes a viernes de 08h00 a 09h00 Las ma\u00f1anas en el distrito Lunes a viernes 09h00 a 10h00 Rostros de Quito Lunes a viernes de 13h00 a 14h00 [&hellip;]\" \/>\n<meta property=\"og:url\" content=\"https:\/\/mqradio.quito.gob.ec\/?page_id=868\" \/>\n<meta property=\"og:site_name\" content=\"MQRadio 102.9 FM\" \/>\n<meta property=\"article:modified_time\" content=\"2026-03-14T21:37:23+00:00\" \/>\n<meta property=\"og:image\" content=\"https:\/\/mqradio.quito.gob.ec\/wp-content\/uploads\/2025\/07\/detail4.png\" \/>\n<meta name=\"twitter:card\" content=\"summary_large_image\" \/>\n<meta name=\"twitter:label1\" content=\"Tiempo de lectura\" \/>\n\t<meta name=\"twitter:data1\" content=\"3 minutos\" \/>\n<script type=\"application\/ld+json\" class=\"yoast-schema-graph\">{\"@context\":\"https:\/\/schema.org\",\"@graph\":[{\"@type\":\"WebPage\",\"@id\":\"https:\/\/mqradio.quito.gob.ec\/?page_id=868\",\"url\":\"https:\/\/mqradio.quito.gob.ec\/?page_id=868\",\"name\":\"Programaci\u00f3n - MQRadio 102.9 FM\",\"isPartOf\":{\"@id\":\"https:\/\/172.30.9.18\/#website\"},\"primaryImageOfPage\":{\"@id\":\"https:\/\/mqradio.quito.gob.ec\/?page_id=868#primaryimage\"},\"image\":{\"@id\":\"https:\/\/mqradio.quito.gob.ec\/?page_id=868#primaryimage\"},\"thumbnailUrl\":\"https:\/\/mqradio.quito.gob.ec\/wp-content\/uploads\/2025\/07\/detail4.png\",\"datePublished\":\"2026-03-14T21:13:29+00:00\",\"dateModified\":\"2026-03-14T21:37:23+00:00\",\"breadcrumb\":{\"@id\":\"https:\/\/mqradio.quito.gob.ec\/?page_id=868#breadcrumb\"},\"inLanguage\":\"es\",\"potentialAction\":[{\"@type\":\"ReadAction\",\"target\":[\"https:\/\/mqradio.quito.gob.ec\/?page_id=868\"]}]},{\"@type\":\"ImageObject\",\"inLanguage\":\"es\",\"@id\":\"https:\/\/mqradio.quito.gob.ec\/?page_id=868#primaryimage\",\"url\":\"https:\/\/mqradio.quito.gob.ec\/wp-content\/uploads\/2025\/07\/detail4.png\",\"contentUrl\":\"https:\/\/mqradio.quito.gob.ec\/wp-content\/uploads\/2025\/07\/detail4.png\",\"width\":53,\"height\":55},{\"@type\":\"BreadcrumbList\",\"@id\":\"https:\/\/mqradio.quito.gob.ec\/?page_id=868#breadcrumb\",\"itemListElement\":[{\"@type\":\"ListItem\",\"position\":1,\"name\":\"Portada\",\"item\":\"https:\/\/172.30.9.18\/\"},{\"@type\":\"ListItem\",\"position\":2,\"name\":\"Programaci\u00f3n\"}]},{\"@type\":\"WebSite\",\"@id\":\"https:\/\/172.30.9.18\/#website\",\"url\":\"https:\/\/172.30.9.18\/\",\"name\":\"MQ Radio 102.9 FM\",\"description\":\"La Radio De Quito\",\"publisher\":{\"@id\":\"https:\/\/172.30.9.18\/#organization\"},\"potentialAction\":[{\"@type\":\"SearchAction\",\"target\":{\"@type\":\"EntryPoint\",\"urlTemplate\":\"https:\/\/172.30.9.18\/?s={search_term_string}\"},\"query-input\":{\"@type\":\"PropertyValueSpecification\",\"valueRequired\":true,\"valueName\":\"search_term_string\"}}],\"inLanguage\":\"es\"},{\"@type\":\"Organization\",\"@id\":\"https:\/\/172.30.9.18\/#organization\",\"name\":\"MQ Radio 102.9 FM\",\"url\":\"https:\/\/172.30.9.18\/\",\"logo\":{\"@type\":\"ImageObject\",\"inLanguage\":\"es\",\"@id\":\"https:\/\/172.30.9.18\/#\/schema\/logo\/image\/\",\"url\":\"https:\/\/mqradio.quito.gob.ec\/wp-content\/uploads\/2025\/07\/logo-trans.png\",\"contentUrl\":\"https:\/\/mqradio.quito.gob.ec\/wp-content\/uploads\/2025\/07\/logo-trans.png\",\"width\":400,\"height\":400,\"caption\":\"MQ Radio 102.9 FM\"},\"image\":{\"@id\":\"https:\/\/172.30.9.18\/#\/schema\/logo\/image\/\"}}]}<\/script>\n<!-- \/ Yoast SEO plugin. -->","yoast_head_json":{"title":"Programaci\u00f3n - MQRadio 102.9 FM","robots":{"index":"index","follow":"follow","max-snippet":"max-snippet:-1","max-image-preview":"max-image-preview:large","max-video-preview":"max-video-preview:-1"},"canonical":"https:\/\/mqradio.quito.gob.ec\/?page_id=868","og_locale":"es_ES","og_type":"article","og_title":"Programaci\u00f3n - MQRadio 102.9 FM","og_description":"Programaci\u00f3n Buenos d\u00edas Quito Lunes a viernes de 06h00 a 07h00 MQ Noticias Lunes a viernes 07h00 a 08h0012h00 a 13h0017h00 a 18h00 Usted tiene la palabra Lunes a viernes de 08h00 a 09h00 Las ma\u00f1anas en el distrito Lunes a viernes 09h00 a 10h00 Rostros de Quito Lunes a viernes de 13h00 a 14h00 [&hellip;]","og_url":"https:\/\/mqradio.quito.gob.ec\/?page_id=868","og_site_name":"MQRadio 102.9 FM","article_modified_time":"2026-03-14T21:37:23+00:00","og_image":[{"url":"https:\/\/mqradio.quito.gob.ec\/wp-content\/uploads\/2025\/07\/detail4.png","type":"","width":"","height":""}],"twitter_card":"summary_large_image","twitter_misc":{"Tiempo de lectura":"3 minutos"},"schema":{"@context":"https:\/\/schema.org","@graph":[{"@type":"WebPage","@id":"https:\/\/mqradio.quito.gob.ec\/?page_id=868","url":"https:\/\/mqradio.quito.gob.ec\/?page_id=868","name":"Programaci\u00f3n - MQRadio 102.9 FM","isPartOf":{"@id":"https:\/\/172.30.9.18\/#website"},"primaryImageOfPage":{"@id":"https:\/\/mqradio.quito.gob.ec\/?page_id=868#primaryimage"},"image":{"@id":"https:\/\/mqradio.quito.gob.ec\/?page_id=868#primaryimage"},"thumbnailUrl":"https:\/\/mqradio.quito.gob.ec\/wp-content\/uploads\/2025\/07\/detail4.png","datePublished":"2026-03-14T21:13:29+00:00","dateModified":"2026-03-14T21:37:23+00:00","breadcrumb":{"@id":"https:\/\/mqradio.quito.gob.ec\/?page_id=868#breadcrumb"},"inLanguage":"es","potentialAction":[{"@type":"ReadAction","target":["https:\/\/mqradio.quito.gob.ec\/?page_id=868"]}]},{"@type":"ImageObject","inLanguage":"es","@id":"https:\/\/mqradio.quito.gob.ec\/?page_id=868#primaryimage","url":"https:\/\/mqradio.quito.gob.ec\/wp-content\/uploads\/2025\/07\/detail4.png","contentUrl":"https:\/\/mqradio.quito.gob.ec\/wp-content\/uploads\/2025\/07\/detail4.png","width":53,"height":55},{"@type":"BreadcrumbList","@id":"https:\/\/mqradio.quito.gob.ec\/?page_id=868#breadcrumb","itemListElement":[{"@type":"ListItem","position":1,"name":"Portada","item":"https:\/\/172.30.9.18\/"},{"@type":"ListItem","position":2,"name":"Programaci\u00f3n"}]},{"@type":"WebSite","@id":"https:\/\/172.30.9.18\/#website","url":"https:\/\/172.30.9.18\/","name":"MQ Radio 102.9 FM","description":"La Radio De Quito","publisher":{"@id":"https:\/\/172.30.9.18\/#organization"},"potentialAction":[{"@type":"SearchAction","target":{"@type":"EntryPoint","urlTemplate":"https:\/\/172.30.9.18\/?s={search_term_string}"},"query-input":{"@type":"PropertyValueSpecification","valueRequired":true,"valueName":"search_term_string"}}],"inLanguage":"es"},{"@type":"Organization","@id":"https:\/\/172.30.9.18\/#organization","name":"MQ Radio 102.9 FM","url":"https:\/\/172.30.9.18\/","logo":{"@type":"ImageObject","inLanguage":"es","@id":"https:\/\/172.30.9.18\/#\/schema\/logo\/image\/","url":"https:\/\/mqradio.quito.gob.ec\/wp-content\/uploads\/2025\/07\/logo-trans.png","contentUrl":"https:\/\/mqradio.quito.gob.ec\/wp-content\/uploads\/2025\/07\/logo-trans.png","width":400,"height":400,"caption":"MQ Radio 102.9 FM"},"image":{"@id":"https:\/\/172.30.9.18\/#\/schema\/logo\/image\/"}}]}},"_links":{"self":[{"href":"https:\/\/mqradio.quito.gob.ec\/index.php?rest_route=\/wp\/v2\/pages\/868","targetHints":{"allow":["GET"]}}],"collection":[{"href":"https:\/\/mqradio.quito.gob.ec\/index.php?rest_route=\/wp\/v2\/pages"}],"about":[{"href":"https:\/\/mqradio.quito.gob.ec\/index.php?rest_route=\/wp\/v2\/types\/page"}],"author":[{"embeddable":true,"href":"https:\/\/mqradio.quito.gob.ec\/index.php?rest_route=\/wp\/v2\/users\/3"}],"replies":[{"embeddable":true,"href":"https:\/\/mqradio.quito.gob.ec\/index.php?rest_route=%2Fwp%2Fv2%2Fcomments&post=868"}],"version-history":[{"count":6,"href":"https:\/\/mqradio.quito.gob.ec\/index.php?rest_route=\/wp\/v2\/pages\/868\/revisions"}],"predecessor-version":[{"id":882,"href":"https:\/\/mqradio.quito.gob.ec\/index.php?rest_route=\/wp\/v2\/pages\/868\/revisions\/882"}],"wp:attachment":[{"href":"https:\/\/mqradio.quito.gob.ec\/index.php?rest_route=%2Fwp%2Fv2%2Fmedia&parent=868"}],"curies":[{"name":"wp","href":"https:\/\/api.w.org\/{rel}","templated":true}]}}